 {"id":20664,"date":"2021-03-01T18:16:55","date_gmt":"2021-03-01T17:16:55","guid":{"rendered":"https:\/\/aiwhrmpx.preview.infomaniak.website\/NewDev\/?page_id=20664"},"modified":"2025-04-07T12:50:14","modified_gmt":"2025-04-07T10:50:14","slug":"prise-de-rdv","status":"publish","type":"page","link":"https:\/\/www.autigrevanille.ch\/fr\/prise-de-rdv\/","title":{"rendered":"Contactez-nous"},"content":{"rendered":"<div class=\"wpb-content-wrapper\"><p>[vc_row equal_height=\"yes\" content_placement=\"middle\" parallax=\"content-moving-fade\" parallax_image=\"21583\" css_animation=\"none\" css=\".vc_custom_1615889037528{margin-top: 0px !important;margin-right: 0px !important;margin-bottom: 0px !important;margin-left: 0px !important;border-bottom-width: 0px !important;padding-right: 0px !important;padding-left: 0px !important;background-position: center;background-repeat: no-repeat !important;background-size: contain !important;}\"][vc_column el_class=\"PaysEnteteImageTitre\"][vc_empty_space el_class=\"hidden-sm hidden-xs\"][vc_custom_heading source=\"post_title\" font_container=\"tag:h1|font_size:100px|text_align:center|color:%23ffffff\" google_fonts=\"font_family:Libre%20Baskerville%3Aregular%2Citalic%2C700|font_style:700%20bold%20regular%3A700%3Anormal\" css_animation=\"fadeIn\" el_class=\"SVE_TitrePrincipale\"][vc_empty_space el_class=\"hidden-sm hidden-xs\"][\/vc_column][\/vc_row][vc_row disable_element=\"yes\" css=\".vc_custom_1740067617467{margin-right: 0px !important;margin-bottom: 0px !important;margin-left: 0px !important;padding-right: 0px !important;padding-bottom: 0px !important;padding-left: 0px !important;background-color: #ffffff !important;}\" el_id=\"bloc-contact-page\"][vc_column css=\".vc_custom_1615974438834{margin-bottom: 0px !important;padding-top: 0px !important;padding-right: 0px !important;padding-bottom: 0px !important;padding-left: 0px !important;}\"][vc_row_inner equal_height=\"yes\"][vc_column_inner css=\".vc_custom_1537274090257{padding-right: 10% !important;padding-left: 10% !important;}\"][vc_empty_space height=\"64px\"][vc_text_separator title=\"Prenez rendez-vous\" color=\"custom\" style=\"double\" accent_color=\"#aa956d\" el_class=\"titreSeparateur\"][vc_custom_heading text=\"Pour tout autre sujet, vous pouvez nous appeler, nous envoyer un e-mail ou simplement nous rendre visite \u00e0 nos bureaux de Gen\u00e8ve ou de Lausanne.\" font_container=\"tag:h6|font_size:16|text_align:center|color:%23aa956d\" google_fonts=\"font_family:Libre%20Baskerville%3Aregular%2Citalic%2C700|font_style:400%20regular%3A400%3Anormal\" el_class=\"soustitreentete\"][\/vc_column_inner][\/vc_row_inner][vc_raw_html css=\".vc_custom_1651071035711{margin-bottom: 0px !important;}\"]JTNDZGl2JTIwaWQlM0QlMjJzbWFydC1jb250YWluZXIlMjIlM0UlM0MlMkZkaXYlM0UlMEElM0NzY3JpcHQlMjBzcmMlM0QlMjJodHRwcyUzQSUyRiUyRnd3dy5zbWFydGFnZW5kYS5mciUyRnBybyUyRmF1dGlncmV2YW5pbGxlJTJGc21hcnR3aWRnZXQuanMlMjIlMjB0eXBlJTNEJTIydGV4dCUyRmphdmFzY3JpcHQlMjIlM0UlM0MlMkZzY3JpcHQlM0UlMEElM0NzY3JpcHQlM0UlMEF3aW5kb3cub25sb2FkJTIwJTNEJTIwZnVuY3Rpb24lMjglMjklN0IlMEF2YXIlMjBvcHRpb25zJTIwJTNEJTIwJTdCJTBBY29udGVudSUyMCUzQSUyMHRydWUlMkMlMEFlbnRldGUlMjAlM0ElMjBmYWxzZSUyQyUwQWZvb3RlciUyMCUzQSUyMGZhbHNlJTJDJTBBYmFuZGVhdSUyMCUzQSUyMGZhbHNlJTJDJTBBaW5mb3NpbXBvcnRhbnRlcyUyMCUzQSUyMHRydWUlMkMlMEFhZmZyZHYlMjAlM0ElMjB0cnVlJTBBJTdEJTNCJTBBdmFyJTIwc21hcnR3aWRnZXQlMjAlM0QlMjBuZXclMjBTTUFSVEFHRU5EQXdpZGdldCUyOCUwQSUyN3NtYXJ0LWNvbnRhaW5lciUyNyUyQyUwQSUyN2h0dHBzJTNBJTJGJTJGd3d3LnNtYXJ0YWdlbmRhLmZyJTJGcHJvJTJGYXV0aWdyZXZhbmlsbGUlMkYlMjclMkMlMEFvcHRpb25zJTI5JTNCJTBBc21hcnR3aWRnZXQucmVuZGVyJTI4JTI5JTNCJTBBJTdEJTNCJTBBJTNDJTJGc2NyaXB0JTNF[\/vc_raw_html][\/vc_column][\/vc_row][vc_row css=\".vc_custom_1650636726023{margin-bottom: 0px !important;padding-bottom: 0px !important;background-color: #ffffff !important;}\"][vc_column css=\".vc_custom_1539702130539{padding-right: 0px !important;padding-left: 0px !important;}\"][vc_empty_space][vc_row_inner equal_height=\"yes\"][vc_column_inner css=\".vc_custom_1537274090257{padding-right: 10% !important;padding-left: 10% !important;}\"][vc_text_separator title=\"Prendre rendez-vous\" color=\"custom\" style=\"double\" css=\"\" accent_color=\"#aa956d\" el_class=\"titreSeparateur\"][vc_custom_heading text=\"Nous aimons prendre le temps n\u00e9cessaire pour mieux cerner les envies de nos clients afin d'offrir une exp\u00e9rience qui corresponde le plus possible \u00e0 leurs attentes. C'est pour cette raison que chaque projet de voyage est pr\u00e9c\u00e9d\u00e9 d'un rendez-vous avec un sp\u00e9cialiste qui fera le point avec vous.\" font_container=\"tag:h6|font_size:16|text_align:center|color:%23aa956d\" google_fonts=\"font_family:Libre%20Baskerville%3Aregular%2Citalic%2C700|font_style:400%20regular%3A400%3Anormal\" el_class=\"soustitreentete\"][\/vc_column_inner][\/vc_row_inner][\/vc_column][\/vc_row][vc_row css=\".vc_custom_1625656658147{background-color: #ffffff !important;}\"][vc_column][vc_btn title=\"info@autigrevanille.ch\" style=\"outline-custom\" outline_custom_color=\"#000000\" outline_custom_hover_background=\"#000000\" outline_custom_hover_text=\"#ffffff\" shape=\"square\" align=\"center\" css=\"\" el_class=\"FC_buttonmail\"][vc_empty_space][\/vc_column][\/vc_row][vc_row disable_element=\"yes\" css=\".vc_custom_1740069135593{background-color: #ffffff !important;}\"][vc_column][vc_btn title=\"info@autigrevanille.ch\" style=\"outline-custom\" outline_custom_color=\"#000000\" outline_custom_hover_background=\"#000000\" outline_custom_hover_text=\"#ffffff\" shape=\"square\" align=\"center\" link=\"url:mailto%3Ainfo%40autigrevanille.ch|title:info%40autigrevanille.ch||\" el_class=\"FC_buttonmail\"][vc_empty_space][\/vc_column][\/vc_row][vc_row css=\".vc_custom_1648648841080{padding-top: 10px !important;padding-right: 10% !important;padding-bottom: 60px !important;padding-left: 10% !important;background-color: #ffffff !important;}\"][vc_column width=\"1\/2\"][vc_custom_heading text=\"AGENCE DE GEN\u00c8VE\" font_container=\"tag:h5|font_size:20px|text_align:center|color:%23cc0033|line_height:32px\" use_theme_fonts=\"yes\" el_class=\"FC_PaysBlocBureau\" link=\"url:https%3A%2F%2Fwww.autigrevanille.ch%2Ffr%2Fa-propos%2Fnos-agences%2Fagence-de-geneve%2F|title:Notre%20agence%20de%20Gen%C3%A8ve\"][vc_column_text css=\".vc_custom_1743520488887{margin-bottom: 6px !important;}\" el_class=\"PaysBlocAdresse\"]<\/p>\n<p style=\"text-align: center;\"><strong>Rue de Rive 8, 1204 Gen\u00e8ve<\/strong><\/p>\n<p style=\"text-align: center;\"><a href=\"tel:0228173737\"><strong>022 817 37 37<\/strong><\/a><\/p>\n<p>[\/vc_column_text][vc_empty_space height=\"20px\"][vc_separator color=\"black\" el_width=\"20\"][vc_empty_space height=\"20px\"][vc_column_text css=\"\" el_class=\"PaysHoraireAgence\"]<\/p>\n<p style=\"text-align: center;\">Du lundi au vendredi, de 9h \u00e0 18h<br \/>\nUniquement sur rendez-vous<\/p>\n<p>[\/vc_column_text][vc_empty_space height=\"20px\"][vc_raw_html css=\".vc_custom_1543573751726{margin-bottom: 0px !important;}\"]JTNDaWZyYW1lJTIwc3JjJTNEJTIyaHR0cHMlM0ElMkYlMkZ3d3cuZ29vZ2xlLmNvbSUyRm1hcHMlMkZlbWJlZCUzRnBiJTNEJTIxMW0xOCUyMTFtMTIlMjExbTMlMjExZDI3NjEuNDE4NDI5NzE1MDQyMyUyMTJkNi4xNDg0OTU1MTYwMTYzNDMlMjEzZDQ2LjIwMjEzMDU5MTkyMDMzJTIxMm0zJTIxMWYwJTIxMmYwJTIxM2YwJTIxM20yJTIxMWkxMDI0JTIxMmk3NjglMjE0ZjEzLjElMjEzbTMlMjExbTIlMjExczB4NDc4YzY1MmUwYTQzZTdmMSUyNTNBMHhmMzVlN2JhY2Q2NWJmNDljJTIxMnNSdWUlMkJkZSUyQlJpdmUlMkI4JTI1MkMlMkIxMjA0JTJCR2VuJTI1QzMlMjVBOHZlJTI1MkMlMkJTdWlzc2UlMjE1ZTAlMjEzbTIlMjExc2ZyJTIxMnNmciUyMTR2MTU0MzU2OTA5OTI5MiUyMiUyMHdpZHRoJTNEJTIyNjAwJTIyJTIwaGVpZ2h0JTNEJTIyNDUwJTIyJTIwZnJhbWVib3JkZXIlM0QlMjIwJTIyJTIwc3R5bGUlM0QlMjJib3JkZXIlM0EwJTIyJTIwYWxsb3dmdWxsc2NyZWVuJTNFJTNDJTJGaWZyYW1lJTNF[\/vc_raw_html][\/vc_column][vc_column width=\"1\/2\"][vc_custom_heading text=\"AGENCE DE LAUSANNE\" font_container=\"tag:h5|font_size:20px|text_align:center|color:%23b22c3d|line_height:32px\" use_theme_fonts=\"yes\" el_class=\"FC_PaysBlocBureau\" link=\"url:https%3A%2F%2Fwww.autigrevanille.ch%2Ffr%2Fa-propos%2Fnos-agences%2Fagence-de-lausanne%2F|title:Agence%20de%20Lausanne\"][vc_column_text css=\".vc_custom_1743519770337{margin-bottom: 6px !important;}\" el_class=\"PaysBlocAdresse\"]<\/p>\n<p style=\"text-align: center;\"><strong>Rue Caroline 3, 1003 Lausanne<\/strong><\/p>\n<p style=\"text-align: center;\"><a href=\"tel:0215507237\"><strong>021 550 72 37<\/strong><\/a><\/p>\n<p>[\/vc_column_text][vc_separator color=\"black\" el_width=\"20\"][vc_empty_space height=\"20px\"][vc_column_text css=\"\" el_class=\"PaysHoraireAgence\"]<\/p>\n<p style=\"text-align: center;\">Du lundi au vendredi, de 9h \u00e0 18h<br \/>\nUniquement sur rendez-vous<\/p>\n<p>[\/vc_column_text][vc_empty_space height=\"20px\"][vc_raw_html css=\".vc_custom_1744023009257{margin-bottom: 0px !important;}\"]JTNDaWZyYW1lJTIwc3JjJTNEJTIyaHR0cHMlM0ElMkYlMkZ3d3cuZ29vZ2xlLmNvbSUyRm1hcHMlMkZlbWJlZCUzRnBiJTNEJTIxMW0xOCUyMTFtMTIlMjExbTMlMjExZDI3NDUuMzg5MzA2NDQyNzE1NyUyMTJkNi42MzQyMjAzNzc0MDAzMDQlMjEzZDQ2LjUyMDE5NzY2MjM2MzYxJTIxMm0zJTIxMWYwJTIxMmYwJTIxM2YwJTIxM20yJTIxMWkxMDI0JTIxMmk3NjglMjE0ZjEzLjElMjEzbTMlMjExbTIlMjExczB4NDc4YzJlMzI5NDZhZjFhNSUyNTNBMHg5ODEwNzUwYzE3N2QyMWI4JTIxMnNBdSUyNTIwVGlncmUlMjUyMFZhbmlsbCUyNUMzJTI1QTklMjUyMC0lMjUyMEFnZW5jZSUyNTIwZGUlMjUyMFZveWFnZSUyNTIwTGF1c2FubmUlMjE1ZTAlMjEzbTIlMjExc2ZyJTIxMnNjaCUyMTR2MTc0NDAyMjk5MzgxNiUyMTVtMiUyMTFzZnIlMjEyc2NoJTIyJTIwd2lkdGglM0QlMjI2MDAlMjIlMjBoZWlnaHQlM0QlMjI0NTAlMjIlMjBzdHlsZSUzRCUyMmJvcmRlciUzQTAlM0IlMjIlMjBhbGxvd2Z1bGxzY3JlZW4lM0QlMjIlMjIlMjBsb2FkaW5nJTNEJTIybGF6eSUyMiUyMHJlZmVycmVycG9saWN5JTNEJTIybm8tcmVmZXJyZXItd2hlbi1kb3duZ3JhZGUlMjIlM0UlM0MlMkZpZnJhbWUlM0U=[\/vc_raw_html][\/vc_column][\/vc_row][vc_row css=\".vc_custom_1549891047858{margin-bottom: 0px !important;padding-bottom: 0px !important;}\"][vc_column css=\".vc_custom_1539702130539{padding-right: 0px !important;padding-left: 0px !important;}\"][vc_raw_html css=\".vc_custom_1645028349703{margin-bottom: 0px !important;padding-bottom: 0px !important;}\"]JTVCd3B2LXBvc3QtYm9keSUyMHZpZXdfdGVtcGxhdGUlM0QlMjJmb290ZXItcmVwbGFjZW1lbnQtcmV1c2FibGVibG9ja3MlMjIlNUQ=[\/vc_raw_html][\/vc_column][\/vc_row]<\/p>\n<\/div>","protected":false},"excerpt":{"rendered":"<p>[vc_row equal_height=\u00a0\u00bbyes\u00a0\u00bb content_placement=\u00a0\u00bbmiddle\u00a0\u00bb parallax=\u00a0\u00bbcontent-moving-fade\u00a0\u00bb parallax_image=\u00a0\u00bb21583&Prime; css_animation=\u00a0\u00bbnone\u00a0\u00bb css=\u00a0\u00bb.vc_custom_1615889037528{margin-top: 0px !important;margin-right: 0px !important;margin-bottom: 0px !important;margin-left: 0px !important;border-bottom-width: 0px !important;padding-right: 0px !important;padding-left: 0px !important;background-position: center;background-repeat: no-repeat !important;background-size: contain !important;}\u00a0\u00bb][vc_column el_class=\u00a0\u00bbPaysEnteteImageTitre\u00a0\u00bb][vc_empty_space el_class=\u00a0\u00bbhidden-sm hidden-xs\u00a0\u00bb][vc_custom_heading source=\u00a0\u00bbpost_title\u00a0\u00bb font_container=\u00a0\u00bbtag:h1|font_size:100px|text_align:center|color:%23ffffff\u00a0\u00bb google_fonts=\u00a0\u00bbfont_family:Libre%20Baskerville%3Aregular%2Citalic%2C700|font_style:700%20bold%20regular%3A700%3Anormal\u00a0\u00bb css_animation=\u00a0\u00bbfadeIn\u00a0\u00bb el_class=\u00a0\u00bbSVE_TitrePrincipale\u00a0\u00bb][vc_empty_space el_class=\u00a0\u00bbhidden-sm hidden-xs\u00a0\u00bb][\/vc_column][\/vc_row][vc_row disable_element=\u00a0\u00bbyes\u00a0\u00bb css=\u00a0\u00bb.vc_custom_1740067617467{margin-right: 0px !important;margin-bottom: 0px !important;margin-left: 0px !important;padding-right: 0px !important;padding-bottom: 0px !important;padding-left: 0px !important;background-color: #ffffff !important;}\u00a0\u00bb el_id=\u00a0\u00bbbloc-contact-page\u00a0\u00bb][vc_column css=\u00a0\u00bb.vc_custom_1615974438834{margin-bottom: 0px !important;padding-top: 0px !important;padding-right: 0px !important;padding-bottom: [&hellip;]<\/p>\n","protected":false},"author":1,"featured_media":0,"parent":0,"menu_order":0,"comment_status":"closed","ping_status":"closed","template":"","meta":[],"acf":[],"yoast_head":"<!-- This site is optimized with the Yoast SEO plugin v21.5 - https:\/\/yoast.com\/wordpress\/plugins\/seo\/ -->\n<title>Prise de rendez-vous et contact | Au Tigre Vanill\u00e9, cr\u00e9ateur de voyage<\/title>\n<meta name=\"description\" content=\"Prenez rendez-vous ou contactez l&#039;un de nos experts qui cr\u00e9era votre voyage sur mesure bas\u00e9 sur vos envies.\" \/>\n<meta name=\"robots\" content=\"index, follow, max-snippet:-1, max-image-preview:large, max-video-preview:-1\" \/>\n<link rel=\"canonical\" href=\"https:\/\/www.autigrevanille.ch\/fr\/prise-de-rdv\/\" \/>\n<meta property=\"og:locale\" content=\"fr_FR\" \/>\n<meta property=\"og:type\" content=\"article\" \/>\n<meta property=\"og:title\" content=\"Prise de rendez-vous et contact | Au Tigre Vanill\u00e9, cr\u00e9ateur de voyage\" \/>\n<meta property=\"og:description\" content=\"Prenez rendez-vous ou contactez l&#039;un de nos experts qui cr\u00e9era votre voyage sur mesure bas\u00e9 sur vos envies.\" \/>\n<meta property=\"og:url\" content=\"https:\/\/www.autigrevanille.ch\/fr\/prise-de-rdv\/\" \/>\n<meta property=\"og:site_name\" content=\"Au Tigre Vanill\u00e9, agence de voyages sur mesure\" \/>\n<meta property=\"article:publisher\" content=\"https:\/\/www.facebook.com\/autigrevanille\" \/>\n<meta property=\"article:modified_time\" content=\"2025-04-07T10:50:14+00:00\" \/>\n<meta name=\"twitter:card\" content=\"summary_large_image\" \/>\n<script type=\"application\/ld+json\" class=\"yoast-schema-graph\">{\"@context\":\"https:\/\/schema.org\",\"@graph\":[{\"@type\":\"WebPage\",\"@id\":\"https:\/\/www.autigrevanille.ch\/fr\/prise-de-rdv\/\",\"url\":\"https:\/\/www.autigrevanille.ch\/fr\/prise-de-rdv\/\",\"name\":\"Prise de rendez-vous et contact | Au Tigre Vanill\u00e9, cr\u00e9ateur de voyage\",\"isPartOf\":{\"@id\":\"https:\/\/www.autigrevanille.ch\/fr\/#website\"},\"datePublished\":\"2021-03-01T17:16:55+00:00\",\"dateModified\":\"2025-04-07T10:50:14+00:00\",\"description\":\"Prenez rendez-vous ou contactez l'un de nos experts qui cr\u00e9era votre voyage sur mesure bas\u00e9 sur vos envies.\",\"breadcrumb\":{\"@id\":\"https:\/\/www.autigrevanille.ch\/fr\/prise-de-rdv\/#breadcrumb\"},\"inLanguage\":\"fr-FR\",\"potentialAction\":[{\"@type\":\"ReadAction\",\"target\":[\"https:\/\/www.autigrevanille.ch\/fr\/prise-de-rdv\/\"]}]},{\"@type\":\"BreadcrumbList\",\"@id\":\"https:\/\/www.autigrevanille.ch\/fr\/prise-de-rdv\/#breadcrumb\",\"itemListElement\":[{\"@type\":\"ListItem\",\"position\":1,\"name\":\"Accueil\",\"item\":\"https:\/\/www.autigrevanille.ch\/fr\/\"},{\"@type\":\"ListItem\",\"position\":2,\"name\":\"Contactez-nous\"}]},{\"@type\":\"WebSite\",\"@id\":\"https:\/\/www.autigrevanille.ch\/fr\/#website\",\"url\":\"https:\/\/www.autigrevanille.ch\/fr\/\",\"name\":\"Au Tigre Vanill\u00e9, agence de voyages sur mesure\",\"description\":\"Agence de voyages d&#039;exception et sur mesure\",\"publisher\":{\"@id\":\"https:\/\/www.autigrevanille.ch\/fr\/#organization\"},\"potentialAction\":[{\"@type\":\"SearchAction\",\"target\":{\"@type\":\"EntryPoint\",\"urlTemplate\":\"https:\/\/www.autigrevanille.ch\/fr\/?s={search_term_string}\"},\"query-input\":\"required name=search_term_string\"}],\"inLanguage\":\"fr-FR\"},{\"@type\":\"Organization\",\"@id\":\"https:\/\/www.autigrevanille.ch\/fr\/#organization\",\"name\":\"Au Tigre Vanill\u00e9\",\"url\":\"https:\/\/www.autigrevanille.ch\/fr\/\",\"logo\":{\"@type\":\"ImageObject\",\"inLanguage\":\"fr-FR\",\"@id\":\"https:\/\/www.autigrevanille.ch\/fr\/#\/schema\/logo\/image\/\",\"url\":\"https:\/\/www.autigrevanille.ch\/wp-content\/uploads\/2018\/08\/Logo_ATV_300x276.png\",\"contentUrl\":\"https:\/\/www.autigrevanille.ch\/wp-content\/uploads\/2018\/08\/Logo_ATV_300x276.png\",\"width\":300,\"height\":276,\"caption\":\"Au Tigre Vanill\u00e9\"},\"image\":{\"@id\":\"https:\/\/www.autigrevanille.ch\/fr\/#\/schema\/logo\/image\/\"},\"sameAs\":[\"https:\/\/www.facebook.com\/autigrevanille\",\"https:\/\/www.instagram.com\/autigrevanille\",\"https:\/\/www.linkedin.com\/company\/autigrevanille\/\"]}]}<\/script>\n<!-- \/ Yoast SEO plugin. -->","yoast_head_json":{"title":"Prise de rendez-vous et contact | Au Tigre Vanill\u00e9, cr\u00e9ateur de voyage","description":"Prenez rendez-vous ou contactez l'un de nos experts qui cr\u00e9era votre voyage sur mesure bas\u00e9 sur vos envies.","robots":{"index":"index","follow":"follow","max-snippet":"max-snippet:-1","max-image-preview":"max-image-preview:large","max-video-preview":"max-video-preview:-1"},"canonical":"https:\/\/www.autigrevanille.ch\/fr\/prise-de-rdv\/","og_locale":"fr_FR","og_type":"article","og_title":"Prise de rendez-vous et contact | Au Tigre Vanill\u00e9, cr\u00e9ateur de voyage","og_description":"Prenez rendez-vous ou contactez l'un de nos experts qui cr\u00e9era votre voyage sur mesure bas\u00e9 sur vos envies.","og_url":"https:\/\/www.autigrevanille.ch\/fr\/prise-de-rdv\/","og_site_name":"Au Tigre Vanill\u00e9, agence de voyages sur mesure","article_publisher":"https:\/\/www.facebook.com\/autigrevanille","article_modified_time":"2025-04-07T10:50:14+00:00","twitter_card":"summary_large_image","schema":{"@context":"https:\/\/schema.org","@graph":[{"@type":"WebPage","@id":"https:\/\/www.autigrevanille.ch\/fr\/prise-de-rdv\/","url":"https:\/\/www.autigrevanille.ch\/fr\/prise-de-rdv\/","name":"Prise de rendez-vous et contact | Au Tigre Vanill\u00e9, cr\u00e9ateur de voyage","isPartOf":{"@id":"https:\/\/www.autigrevanille.ch\/fr\/#website"},"datePublished":"2021-03-01T17:16:55+00:00","dateModified":"2025-04-07T10:50:14+00:00","description":"Prenez rendez-vous ou contactez l'un de nos experts qui cr\u00e9era votre voyage sur mesure bas\u00e9 sur vos envies.","breadcrumb":{"@id":"https:\/\/www.autigrevanille.ch\/fr\/prise-de-rdv\/#breadcrumb"},"inLanguage":"fr-FR","potentialAction":[{"@type":"ReadAction","target":["https:\/\/www.autigrevanille.ch\/fr\/prise-de-rdv\/"]}]},{"@type":"BreadcrumbList","@id":"https:\/\/www.autigrevanille.ch\/fr\/prise-de-rdv\/#breadcrumb","itemListElement":[{"@type":"ListItem","position":1,"name":"Accueil","item":"https:\/\/www.autigrevanille.ch\/fr\/"},{"@type":"ListItem","position":2,"name":"Contactez-nous"}]},{"@type":"WebSite","@id":"https:\/\/www.autigrevanille.ch\/fr\/#website","url":"https:\/\/www.autigrevanille.ch\/fr\/","name":"Au Tigre Vanill\u00e9, agence de voyages sur mesure","description":"Agence de voyages d&#039;exception et sur mesure","publisher":{"@id":"https:\/\/www.autigrevanille.ch\/fr\/#organization"},"potentialAction":[{"@type":"SearchAction","target":{"@type":"EntryPoint","urlTemplate":"https:\/\/www.autigrevanille.ch\/fr\/?s={search_term_string}"},"query-input":"required name=search_term_string"}],"inLanguage":"fr-FR"},{"@type":"Organization","@id":"https:\/\/www.autigrevanille.ch\/fr\/#organization","name":"Au Tigre Vanill\u00e9","url":"https:\/\/www.autigrevanille.ch\/fr\/","logo":{"@type":"ImageObject","inLanguage":"fr-FR","@id":"https:\/\/www.autigrevanille.ch\/fr\/#\/schema\/logo\/image\/","url":"https:\/\/www.autigrevanille.ch\/wp-content\/uploads\/2018\/08\/Logo_ATV_300x276.png","contentUrl":"https:\/\/www.autigrevanille.ch\/wp-content\/uploads\/2018\/08\/Logo_ATV_300x276.png","width":300,"height":276,"caption":"Au Tigre Vanill\u00e9"},"image":{"@id":"https:\/\/www.autigrevanille.ch\/fr\/#\/schema\/logo\/image\/"},"sameAs":["https:\/\/www.facebook.com\/autigrevanille","https:\/\/www.instagram.com\/autigrevanille","https:\/\/www.linkedin.com\/company\/autigrevanille\/"]}]}},"_links":{"self":[{"href":"https:\/\/www.autigrevanille.ch\/fr\/wp-json\/wp\/v2\/pages\/20664"}],"collection":[{"href":"https:\/\/www.autigrevanille.ch\/fr\/wp-json\/wp\/v2\/pages"}],"about":[{"href":"https:\/\/www.autigrevanille.ch\/fr\/wp-json\/wp\/v2\/types\/page"}],"author":[{"embeddable":true,"href":"https:\/\/www.autigrevanille.ch\/fr\/wp-json\/wp\/v2\/users\/1"}],"replies":[{"embeddable":true,"href":"https:\/\/www.autigrevanille.ch\/fr\/wp-json\/wp\/v2\/comments?post=20664"}],"version-history":[{"count":28,"href":"https:\/\/www.autigrevanille.ch\/fr\/wp-json\/wp\/v2\/pages\/20664\/revisions"}],"predecessor-version":[{"id":63182,"href":"https:\/\/www.autigrevanille.ch\/fr\/wp-json\/wp\/v2\/pages\/20664\/revisions\/63182"}],"wp:attachment":[{"href":"https:\/\/www.autigrevanille.ch\/fr\/wp-json\/wp\/v2\/media?parent=20664"}],"curies":[{"name":"wp","href":"https:\/\/api.w.org\/{rel}","templated":true}]}}