 {"id":51529,"date":"2022-05-10T16:04:13","date_gmt":"2022-05-10T14:04:13","guid":{"rendered":"https:\/\/www.autigrevanille.ch\/fr\/?page_id=51529"},"modified":"2023-07-24T09:44:07","modified_gmt":"2023-07-24T07:44:07","slug":"geneve","status":"publish","type":"page","link":"https:\/\/www.autigrevanille.ch\/fr\/a-propos\/agence-de-voyages\/geneve\/","title":{"rendered":"Agence de voyages de Gen\u00e8ve"},"content":{"rendered":"<div class=\"wpb-content-wrapper\"><p>[vc_row equal_height=\"yes\" content_placement=\"middle\" parallax=\"content-moving-fade\" parallax_image=\"53171\" css_animation=\"none\" css=\".vc_custom_1636130321998{margin-top: 0px !important;margin-right: 0px !important;margin-bottom: 0px !important;margin-left: 0px !important;border-bottom-width: 0px !important;padding-right: 0px !important;padding-left: 0px !important;}\"][vc_column el_class=\"PaysEnteteImageTitre\" css=\".vc_custom_1542962635230{padding-right: 0px !important;padding-left: 0px !important;}\"][vc_raw_html]JTNDaDElMjBjbGFzcyUzRCUyMlBheXNUaXRyZVByaW5jaXBhbGUlMjIlM0VBZ2VuY2UlMjBkZSUyMHZveWFnZXMlMjBHZW4lQzMlQTh2ZSUzQyUyRmgxJTNF[\/vc_raw_html][vc_raw_html]JTNDc2NyaXB0JTIwdHlwZSUzRCUyMmFwcGxpY2F0aW9uJTJGbGQlMkJqc29uJTIyJTNFJTBBJTIwJTIwJTIwJTIwJTdCJTBBJTIwJTIwJTIwJTIwJTIwJTIwJTIyJTQwY29udGV4dCUyMiUzQSUyMCUyMmh0dHBzJTNBJTJGJTJGc2NoZW1hLm9yZyUyMiUyQyUwQSUyMCUyMCUyMCUyMCUyMCUyMCUyMiU0MHR5cGUlMjIlM0ElMjAlMjJUcmF2ZWxBZ2VuY3klMjIlMkMlMEElMjAlMjAlMjAlMjAlMjAlMjAlMjJpbWFnZSUyMiUzQSUyMCU1QiUwQSUyMCUyMCUyMCUyMCUyMCUyMCUyMCUyMCUyMmh0dHBzJTNBJTJGJTJGd3d3LmF1dGlncmV2YW5pbGxlLmNoJTJGd3AtY29udGVudCUyRnVwbG9hZHMlMkYyMDIxJTJGMDklMkZENzVfMjQwMy0xNjAweDEwNjguanBnJTIyJTBBJTIwJTIwJTIwJTIwJTIwJTIwJTIwJTVEJTJDJTBBJTIwJTIwJTIwJTIwJTIwJTIwJTIybmFtZSUyMiUzQSUyMCUyMkF1JTIwVGlncmUlMjBWYW5pbGwlQzMlQTklMjIlMkMlMEElMjAlMjAlMjAlMjAlMjAlMjAlMjJhZGRyZXNzJTIyJTNBJTIwJTdCJTBBJTIwJTIwJTIwJTIwJTIwJTIwJTIwJTIwJTIyJTQwdHlwZSUyMiUzQSUyMCUyMlBvc3RhbEFkZHJlc3MlMjIlMkMlMEElMjAlMjAlMjAlMjAlMjAlMjAlMjAlMjAlMjJzdHJlZXRBZGRyZXNzJTIyJTNBJTIwJTIyUnVlJTIwZGUlMjBSaXZlJTIwOCUyMiUyQyUwQSUyMCUyMCUyMCUyMCUyMCUyMCUyMCUyMCUyMmFkZHJlc3NMb2NhbGl0eSUyMiUzQSUyMCUyMkdlbiVDMyVBOHZlJTIyJTJDJTBBJTIwJTIwJTIwJTIwJTIwJTIwJTIwJTIwJTIycG9zdGFsQ29kZSUyMiUzQSUyMCUyMjEyMDQlMjIlMkMlMEElMjAlMjAlMjAlMjAlMjAlMjAlMjAlMjAlMjJhZGRyZXNzQ291bnRyeSUyMiUzQSUyMCUyMkNIJTIyJTBBJTIwJTIwJTIwJTIwJTIwJTIwJTdEJTJDJTBBJTIwJTIwJTIwJTIwJTIwJTIwJTIyZ2VvJTIyJTNBJTIwJTdCJTBBJTIwJTIwJTIwJTIwJTIwJTIwJTIwJTIwJTIyJTQwdHlwZSUyMiUzQSUyMCUyMkdlb0Nvb3JkaW5hdGVzJTIyJTJDJTBBJTIwJTIwJTIwJTIwJTIwJTIwJTIwJTIwJTIybGF0aXR1ZGUlMjIlM0ElMjA0Ni4yMDI4MTg4NTUyNDQzNzQlMkMlMjAlMEElMjAlMjAlMjAlMjAlMjAlMjAlMjAlMjAlMjJsb25naXR1ZGUlMjIlM0ElMjA2LjE1MDQ4OTc3ODU0MjkzNiUwQSUyMCUyMCUyMCUyMCUyMCUyMCU3RCUyQyUwQSUyMCUyMCUyMCUyMCUyMCUyMCUyMnVybCUyMiUzQSUyMCUyMmh0dHAlM0ElMkYlMkZ3d3cuYXV0aWdyZXZhbmlsbGUuY2glMkZmciUyRiUyMiUyQyUwQSUyMCUyMCUyMCUyMCUyMCUyMCUyMnRlbGVwaG9uZSUyMiUzQSUyMCUyMiUyQjQxMjI4MTczNzM3JTIyJTBBJTIwJTIwJTIwJTIwJTdEJTBBJTIwJTIwJTIwJTIwJTNDJTJGc2NyaXB0JTNF[\/vc_raw_html][vc_empty_space][\/vc_column][\/vc_row][vc_row css_animation=\"none\" css=\".vc_custom_1630590170275{padding-top: 32px !important;padding-bottom: 32px !important;background-color: #f5f1e7 !important;}\"][vc_column css=\".vc_custom_1626966654039{padding-right: 10% !important;padding-left: 10% !important;}\"][vc_row_inner gap=\"30\" css=\".vc_custom_1630590355866{padding-top: 60px !important;padding-right: 10% !important;padding-bottom: 60px !important;padding-left: 10% !important;background-color: #ffffff !important;background-position: center !important;background-repeat: no-repeat !important;background-size: cover !important;}\" el_class=\"block-agences\"][vc_column_inner el_class=\"block-agences-description\" css=\".vc_custom_1630589811204{padding-right: 0px !important;padding-bottom: 0px !important;padding-left: 0px !important;background-color: #ffffff !important;}\"][vc_custom_heading text=\"NOTRE AGENCE DE VOYAGES SUR MESURE<br \/>\nA GEN\u00c8VE\" font_container=\"tag:h5|font_size:20px|text_align:center|color:%23cc0033|line_height:32px\" use_theme_fonts=\"yes\" el_class=\"PaysBlocBureau\"][vc_empty_space height=\"30px\"][vc_column_text css=\".vc_custom_1652443678237{margin-bottom: 6px !important;padding-bottom: 20px !important;}\"]<\/p>\n<p style=\"text-align: center;\">Notre <strong>agence de voyages de Gen\u00e8ve<\/strong> se situe au premier \u00e9tage d\u2019un immeuble des Rues-Basses. Nous vous recevons volontiers, de pr\u00e9f\u00e9rence sur <a href=\"https:\/\/www.autigrevanille.ch\/fr\/prise-de-rdv\/?ins_portable=%2B41\">rendez-vous<\/a>, dans nos bureaux historiques afin de prendre le temps n\u00e9cessaire pour discuter de vos envies de voyages autour d\u2019un th\u00e9 ou d\u2019un caf\u00e9 !<\/p>\n<p style=\"text-align: center;\"><strong>Au Tigre Vanill\u00e9<br \/>\n<\/strong><strong>Rue de Rive 8 - <\/strong><strong>1204 Gen\u00e8ve<br \/>\n<\/strong><strong><a href=\"tel:+41228173737\">+41 22 817 37 37<\/a><\/strong><\/p>\n<p style=\"text-align: center;\"><em>Ouvert du lundi au vendredi, de 9h \u00e0 18h<\/em><br \/>\n<em>De pr\u00e9f\u00e9rence sur <\/em><a href=\"https:\/\/www.autigrevanille.ch\/fr\/prise-de-rdv\/?ins_portable=%2B41\"><em>rendez-vous<\/em><\/a><\/p>\n<p>[\/vc_column_text][vc_separator color=\"black\" el_width=\"20\"][vc_raw_html css=\".vc_custom_1630589499317{margin-bottom: 0px !important;}\"]JTNDaWZyYW1lJTIwc3R5bGUlM0QlMjJ3aWR0aCUzQSUyMDEwMCUyNSUyMWltcG9ydGFudCUzQiUyMiUyMHNyYyUzRCUyMmh0dHBzJTNBJTJGJTJGd3d3Lmdvb2dsZS5jb20lMkZtYXBzJTJGZW1iZWQlM0ZwYiUzRCUyMTFtMTglMjExbTEyJTIxMW0zJTIxMWQyNzYxLjQxODQyOTcxNTA0MjMlMjEyZDYuMTQ4NDk1NTE2MDE2MzQzJTIxM2Q0Ni4yMDIxMzA1OTE5MjAzMyUyMTJtMyUyMTFmMCUyMTJmMCUyMTNmMCUyMTNtMiUyMTFpMTAyNCUyMTJpNzY4JTIxNGYxMy4xJTIxM20zJTIxMW0yJTIxMXMweDQ3OGM2NTJlMGE0M2U3ZjElMjUzQTB4ZjM1ZTdiYWNkNjViZjQ5YyUyMTJzUnVlJTJCZGUlMkJSaXZlJTJCOCUyNTJDJTJCMTIwNCUyQkdlbiUyNUMzJTI1QTh2ZSUyNTJDJTJCU3Vpc3NlJTIxNWUwJTIxM20yJTIxMXNmciUyMTJzZnIlMjE0djE1NDM1NjkwOTkyOTIlMjIlMjB3aWR0aCUzRCUyMjYwMCUyMiUyMGhlaWdodCUzRCUyMjQ1MCUyMiUyMGZyYW1lYm9yZGVyJTNEJTIyMCUyMiUyMHN0eWxlJTNEJTIyYm9yZGVyJTNBMCUyMiUyMGFsbG93ZnVsbHNjcmVlbiUzRSUzQyUyRmlmcmFtZSUzRQ==[\/vc_raw_html][\/vc_column_inner][\/vc_row_inner][\/vc_column][\/vc_row][vc_row css=\".vc_custom_1636968512791{padding-top: 70px !important;padding-right: 10% !important;padding-bottom: 70px !important;padding-left: 10% !important;background-color: #ffffff !important;}\" el_id=\"Accueil_intro\"][vc_column width=\"1\/2\" offset=\"vc_hidden-xs\"][vc_single_image image=\"5587\" img_size=\"large\"][\/vc_column][vc_column width=\"1\/2\"][vc_raw_html]JTNDaDIlM0VMZSUyMHZveWFnZSUyMHN1ciUyMG1lc3VyZSUyMHNlbG9uJTIwJUMyJUFCJTIwQXUlMjBUaWdyZSUyMFZhbmlsbCVDMyVBOSUyMCVDMiVCQiUzQyUyRmgyJTNF[\/vc_raw_html][vc_column_text css_animation=\"none\"]Nous sommes une agence de voyages sp\u00e9cialis\u00e9e dans le voyage sur mesure, active depuis plus de 20 ans en Suisse romande, \u00e0 Gen\u00e8ve et \u00e0 Lausanne. Notre savoir-faire s'inscrit dans <a href=\"https:\/\/www.autigrevanille.ch\/fr\/a-propos\/agence-de-creation-de-voyages\/#philosophie\">une philosophie<\/a> qui per\u00e7oit le voyage comme une exp\u00e9rience de vie importante et un enrichissement personnel. En cons\u00e9quence, <a href=\"https:\/\/www.autigrevanille.ch\/fr\/a-propos\/notre-equipe\/\">nos sp\u00e9cialistes <\/a>aiment prendre le temps qu'il faut pour cr\u00e9er des exp\u00e9riences uniques pour nos voyageurs.[\/vc_column_text][vc_btn title=\"EN APPRENDRE PLUS SUR NOUS\" style=\"outline-custom\" outline_custom_color=\"#000000\" outline_custom_hover_background=\"#000000\" outline_custom_hover_text=\"#ffffff\" shape=\"square\" size=\"xs\" align=\"left\" link=\"url:https%3A%2F%2Fwww.autigrevanille.ch%2Ffr%2Fa-propos%2Fagence-de-creation-de-voyages%2F|title:QUESTIONS%20ET%20REPONSES%20(FAQ)\" el_class=\"button_voir_nos_etapes_small left_align_button\" css=\".vc_custom_1633615517917{margin-top: 0px !important;margin-bottom: 0px !important;padding-top: 20px !important;}\"][\/vc_column][\/vc_row][vc_row css=\".vc_custom_1614341250865{margin-top: 0px !important;margin-right: 0px !important;margin-bottom: 0px !important;margin-left: 0px !important;padding-top: 30px !important;padding-right: 30px !important;padding-bottom: 30px !important;padding-left: 30px !important;background-color: #f7a600 !important;}\"][vc_column css=\".vc_custom_1614336647800{margin-top: 0px !important;margin-right: 0px !important;margin-bottom: 0px !important;margin-left: 0px !important;padding-top: 0px !important;padding-right: 0px !important;padding-bottom: 0px !important;padding-left: 0px !important;}\"][vc_empty_space height=\"16px\"][vc_btn title=\"VOUS CHERCHEZ NOTRE AGENCE DE LAUSANNE ?\" style=\"outline-custom\" outline_custom_color=\"#000000\" outline_custom_hover_background=\"#000000\" outline_custom_hover_text=\"#ffffff\" shape=\"square\" size=\"xs\" align=\"center\" link=\"url:https%3A%2F%2Fwww.autigrevanille.ch%2Ffr%2Fa-propos%2Fagence-de-voyages%2Flausanne%2F|title:VOUS%20CHERCHEZ%20NOTRE%20AGENCE%20DE%20LAUSANNE%20%3F\" el_class=\"button_voir_nos_etapes_small\" css=\".vc_custom_1652444050012{margin-top: 0px !important;margin-bottom: 0px !important;}\"][\/vc_column][\/vc_row][vc_row css=\".vc_custom_1546526955876{margin-top: 0px !important;margin-right: 0px !important;margin-bottom: 0px !important;margin-left: 0px !important;padding-top: 0px !important;padding-right: 0px !important;padding-bottom: 0px !important;padding-left: 0px !important;}\"][vc_column css=\".vc_custom_1546526980809{margin-top: 0px !important;margin-right: 0px !important;margin-bottom: 0px !important;margin-left: 0px !important;padding-top: 0px !important;padding-right: 0px !important;padding-bottom: 0px !important;padding-left: 0px !important;}\"][vc_raw_html css=\".vc_custom_1645028322399{margin-top: 0px !important;margin-right: 0px !important;margin-bottom: 0px !important;margin-left: 0px !important;padding-top: 0px !important;padding-right: 0px !important;padding-bottom: 0px !important;padding-left: 0px !important;}\"]JTVCd3B2LXBvc3QtYm9keSUyMHZpZXdfdGVtcGxhdGUlM0QlMjJmb290ZXItcmVwbGFjZW1lbnQtcmV1c2FibGVibG9ja3MlMjIlNUQ=[\/vc_raw_html][\/vc_column][\/vc_row]<\/p>\n<\/div>","protected":false},"excerpt":{"rendered":"<p>[vc_row equal_height=\u00a0\u00bbyes\u00a0\u00bb content_placement=\u00a0\u00bbmiddle\u00a0\u00bb parallax=\u00a0\u00bbcontent-moving-fade\u00a0\u00bb parallax_image=\u00a0\u00bb53171&Prime; css_animation=\u00a0\u00bbnone\u00a0\u00bb css=\u00a0\u00bb.vc_custom_1636130321998{margin-top: 0px !important;margin-right: 0px !important;margin-bottom: 0px !important;margin-left: 0px !important;border-bottom-width: 0px !important;padding-right: 0px !important;padding-left: 0px !important;}\u00a0\u00bb][vc_column el_class=\u00a0\u00bbPaysEnteteImageTitre\u00a0\u00bb css=\u00a0\u00bb.vc_custom_1542962635230{padding-right: 0px !important;padding-left: 0px !important;}\u00a0\u00bb][vc_raw_html]JTNDaDElMjBjbGFzcyUzRCUyMlBheXNUaXRyZVByaW5jaXBhbGUlMjIlM0VBZ2VuY2UlMjBkZSUyMHZveWFnZXMlMjBHZW4lQzMlQTh2ZSUzQyUyRmgxJTNF[\/vc_raw_html][vc_raw_html]JTNDc2NyaXB0JTIwdHlwZSUzRCUyMmFwcGxpY2F0aW9uJTJGbGQlMkJqc29uJTIyJTNFJTBBJTIwJTIwJTIwJTIwJTdCJTBBJTIwJTIwJTIwJTIwJTIwJTIwJTIyJTQwY29udGV4dCUyMiUzQSUyMCUyMmh0dHBzJTNBJTJGJTJGc2NoZW1hLm9yZyUyMiUyQyUwQSUyMCUyMCUyMCUyMCUyMCUyMCUyMiU0MHR5cGUlMjIlM0ElMjAlMjJUcmF2ZWxBZ2VuY3klMjIlMkMlMEElMjAlMjAlMjAlMjAlMjAlMjAlMjJpbWFnZSUyMiUzQSUyMCU1QiUwQSUyMCUyMCUyMCUyMCUyMCUyMCUyMCUyMCUyMmh0dHBzJTNBJTJGJTJGd3d3LmF1dGlncmV2YW5pbGxlLmNoJTJGd3AtY29udGVudCUyRnVwbG9hZHMlMkYyMDIxJTJGMDklMkZENzVfMjQwMy0xNjAweDEwNjguanBnJTIyJTBBJTIwJTIwJTIwJTIwJTIwJTIwJTIwJTVEJTJDJTBBJTIwJTIwJTIwJTIwJTIwJTIwJTIybmFtZSUyMiUzQSUyMCUyMkF1JTIwVGlncmUlMjBWYW5pbGwlQzMlQTklMjIlMkMlMEElMjAlMjAlMjAlMjAlMjAlMjAlMjJhZGRyZXNzJTIyJTNBJTIwJTdCJTBBJTIwJTIwJTIwJTIwJTIwJTIwJTIwJTIwJTIyJTQwdHlwZSUyMiUzQSUyMCUyMlBvc3RhbEFkZHJlc3MlMjIlMkMlMEElMjAlMjAlMjAlMjAlMjAlMjAlMjAlMjAlMjJzdHJlZXRBZGRyZXNzJTIyJTNBJTIwJTIyUnVlJTIwZGUlMjBSaXZlJTIwOCUyMiUyQyUwQSUyMCUyMCUyMCUyMCUyMCUyMCUyMCUyMCUyMmFkZHJlc3NMb2NhbGl0eSUyMiUzQSUyMCUyMkdlbiVDMyVBOHZlJTIyJTJDJTBBJTIwJTIwJTIwJTIwJTIwJTIwJTIwJTIwJTIycG9zdGFsQ29kZSUyMiUzQSUyMCUyMjEyMDQlMjIlMkMlMEElMjAlMjAlMjAlMjAlMjAlMjAlMjAlMjAlMjJhZGRyZXNzQ291bnRyeSUyMiUzQSUyMCUyMkNIJTIyJTBBJTIwJTIwJTIwJTIwJTIwJTIwJTdEJTJDJTBBJTIwJTIwJTIwJTIwJTIwJTIwJTIyZ2VvJTIyJTNBJTIwJTdCJTBBJTIwJTIwJTIwJTIwJTIwJTIwJTIwJTIwJTIyJTQwdHlwZSUyMiUzQSUyMCUyMkdlb0Nvb3JkaW5hdGVzJTIyJTJDJTBBJTIwJTIwJTIwJTIwJTIwJTIwJTIwJTIwJTIybGF0aXR1ZGUlMjIlM0ElMjA0Ni4yMDI4MTg4NTUyNDQzNzQlMkMlMjAlMEElMjAlMjAlMjAlMjAlMjAlMjAlMjAlMjAlMjJsb25naXR1ZGUlMjIlM0ElMjA2LjE1MDQ4OTc3ODU0MjkzNiUwQSUyMCUyMCUyMCUyMCUyMCUyMCU3RCUyQyUwQSUyMCUyMCUyMCUyMCUyMCUyMCUyMnVybCUyMiUzQSUyMCUyMmh0dHAlM0ElMkYlMkZ3d3cuYXV0aWdyZXZhbmlsbGUuY2glMkZmciUyRiUyMiUyQyUwQSUyMCUyMCUyMCUyMCUyMCUyMCUyMnRlbGVwaG9uZSUyMiUzQSUyMCUyMiUyQjQxMjI4MTczNzM3JTIyJTBBJTIwJTIwJTIwJTIwJTdEJTBBJTIwJTIwJTIwJTIwJTNDJTJGc2NyaXB0JTNF[\/vc_raw_html][vc_empty_space][\/vc_column][\/vc_row][vc_row css_animation=\u00a0\u00bbnone\u00a0\u00bb css=\u00a0\u00bb.vc_custom_1630590170275{padding-top: 32px !important;padding-bottom: 32px !important;background-color: #f5f1e7 !important;}\u00a0\u00bb][vc_column css=\u00a0\u00bb.vc_custom_1626966654039{padding-right: 10% !important;padding-left: 10% !important;}\u00a0\u00bb][vc_row_inner gap=\u00a0\u00bb30&Prime; css=\u00a0\u00bb.vc_custom_1630590355866{padding-top: 60px !important;padding-right: 10% !important;padding-bottom: 60px !important;padding-left: 10% !important;background-color: #ffffff !important;background-position: center !important;background-repeat: no-repeat !important;background-size: cover !important;}\u00a0\u00bb el_class=\u00a0\u00bbblock-agences\u00a0\u00bb][vc_column_inner el_class=\u00a0\u00bbblock-agences-description\u00a0\u00bb [&hellip;]<\/p>\n","protected":false},"author":15,"featured_media":0,"parent":51728,"menu_order":0,"comment_status":"closed","ping_status":"closed","template":"","meta":[],"acf":[],"yoast_head":"<!-- This site is optimized with the Yoast SEO plugin v21.5 - https:\/\/yoast.com\/wordpress\/plugins\/seo\/ -->\n<title>Agence de voyage sur mesure \u00e0 Gen\u00e8ve - Au Tigre Vanill\u00e9<\/title>\n<meta name=\"description\" content=\"Au c\u0153ur de la cit\u00e9, depuis 1999, notre agence de voyage de Gen\u00e8ve se situe au premier \u00e9tage d\u2019un immeuble des Rues-Basses.\" \/>\n<meta name=\"robots\" content=\"index, follow, max-snippet:-1, max-image-preview:large, max-video-preview:-1\" \/>\n<link rel=\"canonical\" href=\"https:\/\/www.autigrevanille.ch\/fr\/a-propos\/agence-de-voyages\/geneve\/\" \/>\n<meta property=\"og:locale\" content=\"fr_FR\" \/>\n<meta property=\"og:type\" content=\"article\" \/>\n<meta property=\"og:title\" content=\"Agence de voyage sur mesure \u00e0 Gen\u00e8ve - Au Tigre Vanill\u00e9\" \/>\n<meta property=\"og:description\" content=\"Au c\u0153ur de la cit\u00e9, depuis 1999, notre agence de voyage de Gen\u00e8ve se situe au premier \u00e9tage d\u2019un immeuble des Rues-Basses.\" \/>\n<meta property=\"og:url\" content=\"https:\/\/www.autigrevanille.ch\/fr\/a-propos\/agence-de-voyages\/geneve\/\" \/>\n<meta property=\"og:site_name\" content=\"Au Tigre Vanill\u00e9, agence de voyages sur mesure\" \/>\n<meta property=\"article:publisher\" content=\"https:\/\/www.facebook.com\/autigrevanille\" \/>\n<meta property=\"article:modified_time\" content=\"2023-07-24T07:44:07+00:00\" \/>\n<meta name=\"twitter:card\" content=\"summary_large_image\" \/>\n<script type=\"application\/ld+json\" class=\"yoast-schema-graph\">{\"@context\":\"https:\/\/schema.org\",\"@graph\":[{\"@type\":\"WebPage\",\"@id\":\"https:\/\/www.autigrevanille.ch\/fr\/a-propos\/agence-de-voyages\/geneve\/\",\"url\":\"https:\/\/www.autigrevanille.ch\/fr\/a-propos\/agence-de-voyages\/geneve\/\",\"name\":\"Agence de voyage sur mesure \u00e0 Gen\u00e8ve - Au Tigre Vanill\u00e9\",\"isPartOf\":{\"@id\":\"https:\/\/www.autigrevanille.ch\/fr\/#website\"},\"datePublished\":\"2022-05-10T14:04:13+00:00\",\"dateModified\":\"2023-07-24T07:44:07+00:00\",\"description\":\"Au c\u0153ur de la cit\u00e9, depuis 1999, notre agence de voyage de Gen\u00e8ve se situe au premier \u00e9tage d\u2019un immeuble des Rues-Basses.\",\"breadcrumb\":{\"@id\":\"https:\/\/www.autigrevanille.ch\/fr\/a-propos\/agence-de-voyages\/geneve\/#breadcrumb\"},\"inLanguage\":\"fr-FR\",\"potentialAction\":[{\"@type\":\"ReadAction\",\"target\":[\"https:\/\/www.autigrevanille.ch\/fr\/a-propos\/agence-de-voyages\/geneve\/\"]}]},{\"@type\":\"BreadcrumbList\",\"@id\":\"https:\/\/www.autigrevanille.ch\/fr\/a-propos\/agence-de-voyages\/geneve\/#breadcrumb\",\"itemListElement\":[{\"@type\":\"ListItem\",\"position\":1,\"name\":\"Accueil\",\"item\":\"https:\/\/www.autigrevanille.ch\/fr\/\"},{\"@type\":\"ListItem\",\"position\":2,\"name\":\"A propos\",\"item\":\"https:\/\/www.autigrevanille.ch\/fr\/a-propos\/\"},{\"@type\":\"ListItem\",\"position\":3,\"name\":\"Nos agences de cr\u00e9ation de voyages\",\"item\":\"https:\/\/www.autigrevanille.ch\/fr\/a-propos\/agence-de-voyages\/\"},{\"@type\":\"ListItem\",\"position\":4,\"name\":\"Agence de voyages de Gen\u00e8ve\"}]},{\"@type\":\"WebSite\",\"@id\":\"https:\/\/www.autigrevanille.ch\/fr\/#website\",\"url\":\"https:\/\/www.autigrevanille.ch\/fr\/\",\"name\":\"Au Tigre Vanill\u00e9, agence de voyages sur mesure\",\"description\":\"Agence de voyages d&#039;exception et sur mesure\",\"publisher\":{\"@id\":\"https:\/\/www.autigrevanille.ch\/fr\/#organization\"},\"potentialAction\":[{\"@type\":\"SearchAction\",\"target\":{\"@type\":\"EntryPoint\",\"urlTemplate\":\"https:\/\/www.autigrevanille.ch\/fr\/?s={search_term_string}\"},\"query-input\":\"required name=search_term_string\"}],\"inLanguage\":\"fr-FR\"},{\"@type\":\"Organization\",\"@id\":\"https:\/\/www.autigrevanille.ch\/fr\/#organization\",\"name\":\"Au Tigre Vanill\u00e9\",\"url\":\"https:\/\/www.autigrevanille.ch\/fr\/\",\"logo\":{\"@type\":\"ImageObject\",\"inLanguage\":\"fr-FR\",\"@id\":\"https:\/\/www.autigrevanille.ch\/fr\/#\/schema\/logo\/image\/\",\"url\":\"https:\/\/www.autigrevanille.ch\/wp-content\/uploads\/2018\/08\/Logo_ATV_300x276.png\",\"contentUrl\":\"https:\/\/www.autigrevanille.ch\/wp-content\/uploads\/2018\/08\/Logo_ATV_300x276.png\",\"width\":300,\"height\":276,\"caption\":\"Au Tigre Vanill\u00e9\"},\"image\":{\"@id\":\"https:\/\/www.autigrevanille.ch\/fr\/#\/schema\/logo\/image\/\"},\"sameAs\":[\"https:\/\/www.facebook.com\/autigrevanille\",\"https:\/\/www.instagram.com\/autigrevanille\",\"https:\/\/www.linkedin.com\/company\/autigrevanille\/\"]}]}<\/script>\n<!-- \/ Yoast SEO plugin. -->","yoast_head_json":{"title":"Agence de voyage sur mesure \u00e0 Gen\u00e8ve - Au Tigre Vanill\u00e9","description":"Au c\u0153ur de la cit\u00e9, depuis 1999, notre agence de voyage de Gen\u00e8ve se situe au premier \u00e9tage d\u2019un immeuble des Rues-Basses.","robots":{"index":"index","follow":"follow","max-snippet":"max-snippet:-1","max-image-preview":"max-image-preview:large","max-video-preview":"max-video-preview:-1"},"canonical":"https:\/\/www.autigrevanille.ch\/fr\/a-propos\/agence-de-voyages\/geneve\/","og_locale":"fr_FR","og_type":"article","og_title":"Agence de voyage sur mesure \u00e0 Gen\u00e8ve - Au Tigre Vanill\u00e9","og_description":"Au c\u0153ur de la cit\u00e9, depuis 1999, notre agence de voyage de Gen\u00e8ve se situe au premier \u00e9tage d\u2019un immeuble des Rues-Basses.","og_url":"https:\/\/www.autigrevanille.ch\/fr\/a-propos\/agence-de-voyages\/geneve\/","og_site_name":"Au Tigre Vanill\u00e9, agence de voyages sur mesure","article_publisher":"https:\/\/www.facebook.com\/autigrevanille","article_modified_time":"2023-07-24T07:44:07+00:00","twitter_card":"summary_large_image","schema":{"@context":"https:\/\/schema.org","@graph":[{"@type":"WebPage","@id":"https:\/\/www.autigrevanille.ch\/fr\/a-propos\/agence-de-voyages\/geneve\/","url":"https:\/\/www.autigrevanille.ch\/fr\/a-propos\/agence-de-voyages\/geneve\/","name":"Agence de voyage sur mesure \u00e0 Gen\u00e8ve - Au Tigre Vanill\u00e9","isPartOf":{"@id":"https:\/\/www.autigrevanille.ch\/fr\/#website"},"datePublished":"2022-05-10T14:04:13+00:00","dateModified":"2023-07-24T07:44:07+00:00","description":"Au c\u0153ur de la cit\u00e9, depuis 1999, notre agence de voyage de Gen\u00e8ve se situe au premier \u00e9tage d\u2019un immeuble des Rues-Basses.","breadcrumb":{"@id":"https:\/\/www.autigrevanille.ch\/fr\/a-propos\/agence-de-voyages\/geneve\/#breadcrumb"},"inLanguage":"fr-FR","potentialAction":[{"@type":"ReadAction","target":["https:\/\/www.autigrevanille.ch\/fr\/a-propos\/agence-de-voyages\/geneve\/"]}]},{"@type":"BreadcrumbList","@id":"https:\/\/www.autigrevanille.ch\/fr\/a-propos\/agence-de-voyages\/geneve\/#breadcrumb","itemListElement":[{"@type":"ListItem","position":1,"name":"Accueil","item":"https:\/\/www.autigrevanille.ch\/fr\/"},{"@type":"ListItem","position":2,"name":"A propos","item":"https:\/\/www.autigrevanille.ch\/fr\/a-propos\/"},{"@type":"ListItem","position":3,"name":"Nos agences de cr\u00e9ation de voyages","item":"https:\/\/www.autigrevanille.ch\/fr\/a-propos\/agence-de-voyages\/"},{"@type":"ListItem","position":4,"name":"Agence de voyages de Gen\u00e8ve"}]},{"@type":"WebSite","@id":"https:\/\/www.autigrevanille.ch\/fr\/#website","url":"https:\/\/www.autigrevanille.ch\/fr\/","name":"Au Tigre Vanill\u00e9, agence de voyages sur mesure","description":"Agence de voyages d&#039;exception et sur mesure","publisher":{"@id":"https:\/\/www.autigrevanille.ch\/fr\/#organization"},"potentialAction":[{"@type":"SearchAction","target":{"@type":"EntryPoint","urlTemplate":"https:\/\/www.autigrevanille.ch\/fr\/?s={search_term_string}"},"query-input":"required name=search_term_string"}],"inLanguage":"fr-FR"},{"@type":"Organization","@id":"https:\/\/www.autigrevanille.ch\/fr\/#organization","name":"Au Tigre Vanill\u00e9","url":"https:\/\/www.autigrevanille.ch\/fr\/","logo":{"@type":"ImageObject","inLanguage":"fr-FR","@id":"https:\/\/www.autigrevanille.ch\/fr\/#\/schema\/logo\/image\/","url":"https:\/\/www.autigrevanille.ch\/wp-content\/uploads\/2018\/08\/Logo_ATV_300x276.png","contentUrl":"https:\/\/www.autigrevanille.ch\/wp-content\/uploads\/2018\/08\/Logo_ATV_300x276.png","width":300,"height":276,"caption":"Au Tigre Vanill\u00e9"},"image":{"@id":"https:\/\/www.autigrevanille.ch\/fr\/#\/schema\/logo\/image\/"},"sameAs":["https:\/\/www.facebook.com\/autigrevanille","https:\/\/www.instagram.com\/autigrevanille","https:\/\/www.linkedin.com\/company\/autigrevanille\/"]}]}},"_links":{"self":[{"href":"https:\/\/www.autigrevanille.ch\/fr\/wp-json\/wp\/v2\/pages\/51529"}],"collection":[{"href":"https:\/\/www.autigrevanille.ch\/fr\/wp-json\/wp\/v2\/pages"}],"about":[{"href":"https:\/\/www.autigrevanille.ch\/fr\/wp-json\/wp\/v2\/types\/page"}],"author":[{"embeddable":true,"href":"https:\/\/www.autigrevanille.ch\/fr\/wp-json\/wp\/v2\/users\/15"}],"replies":[{"embeddable":true,"href":"https:\/\/www.autigrevanille.ch\/fr\/wp-json\/wp\/v2\/comments?post=51529"}],"version-history":[{"count":7,"href":"https:\/\/www.autigrevanille.ch\/fr\/wp-json\/wp\/v2\/pages\/51529\/revisions"}],"predecessor-version":[{"id":57031,"href":"https:\/\/www.autigrevanille.ch\/fr\/wp-json\/wp\/v2\/pages\/51529\/revisions\/57031"}],"up":[{"embeddable":true,"href":"https:\/\/www.autigrevanille.ch\/fr\/wp-json\/wp\/v2\/pages\/51728"}],"wp:attachment":[{"href":"https:\/\/www.autigrevanille.ch\/fr\/wp-json\/wp\/v2\/media?parent=51529"}],"curies":[{"name":"wp","href":"https:\/\/api.w.org\/{rel}","templated":true}]}}