 {"id":51681,"date":"2021-09-08T11:01:21","date_gmt":"2021-09-08T09:01:21","guid":{"rendered":"https:\/\/www.autigrevanille.ch\/fr\/?page_id=51681"},"modified":"2023-07-24T09:44:17","modified_gmt":"2023-07-24T07:44:17","slug":"notre-equipe","status":"publish","type":"page","link":"https:\/\/www.autigrevanille.ch\/fr\/a-propos\/notre-equipe\/","title":{"rendered":"Notre \u00e9quipe"},"content":{"rendered":"<div class=\"wpb-content-wrapper\"><p>[vc_row equal_height=\"yes\" content_placement=\"middle\" css_animation=\"none\" css=\".vc_custom_1631015676052{margin-top: 0px !important;margin-right: 0px !important;margin-bottom: 0px !important;margin-left: 0px !important;border-bottom-width: 0px !important;padding-right: 0px !important;padding-left: 0px !important;}\"][vc_column css=\".vc_custom_1631009041128{padding-right: 0px !important;padding-left: 0px !important;}\"][vc_column_text]<div id=\"apropos-page\" class=\"header-banniere-apropos\" style=\"background-image: url('https:\/\/www.autigrevanille.ch\/wp-content\/uploads\/2018\/12\/faire-connaissance.jpg')\" >\n  \t<div>\n      <h1 class=\"apropos-titre-page\">Notre \u00e9quipe<\/h1>\n  \t<\/div>\n<\/div>\n\n<div class=\"\">\n    <ul class=\"menu-apropos\">\n  <li><a href=\"https:\/\/www.autigrevanille.ch\/fr\/a-propos\/agence-de-creation-de-voyages\/\">Notre approche<\/a><\/li>\n  <li><a href=\"https:\/\/www.autigrevanille.ch\/fr\/a-propos\/des-services-personnalises\/\">Nos services<\/a><\/li>\n  <li><a href=\"https:\/\/www.autigrevanille.ch\/fr\/a-propos\/notre-equipe\/\">Notre \u00e9quipe<\/a><\/li>\n  <li><a href=\"https:\/\/www.autigrevanille.ch\/fr\/a-propos\/agence-de-voyages\/\">Nos agences<\/a><\/li> \n<li><a class=\"link-concours-photo\" href=\"https:\/\/www.autigrevanille.ch\/fr\/a-propos\/concours-photographe-voyageur\/\">Concours Photo<\/a><\/li>\n    <\/ul>\n<\/div>\n[\/vc_column_text][\/vc_column][\/vc_row][vc_row css=\".vc_custom_1631022854048{padding-top: 70px !important;padding-bottom: 70px !important;background-color: #f5f1e7 !important;}\"][vc_column][vc_row_inner el_class=\"intro-apropos\"][vc_column_inner][vc_raw_html]JTNDaDIlMjBjbGFzcyUzRCUyMmNlbnRlcmVkJTIyJTNFRGVzJTIwc3AlQzMlQTljaWFsaXN0ZXMlMjBhdXglMjBwcm9maWxzJTIwdmFyaSVDMyVBOXMlM0MlMkZoMiUzRQ==[\/vc_raw_html][vc_column_text el_class=\"header-covid\"]Dans notre petite \u00e9quipe, chacun a un parcours, une formation et des passe-temps diff\u00e9rents, mais tous partagent le m\u00eame besoin de visiter l\u2019ailleurs.<\/p>\n<p>Parmi nos cr\u00e9ateurs de voyage figurent une ancienne biologiste, une libraire, un alpiniste ou encore un ancien pilote d\u2019avions. Ils sont tous devenus au fil des ans les sp\u00e9cialistes d\u2019un nombre limit\u00e9 de destinations o\u00f9 ils se rendent r\u00e9guli\u00e8rement afin d\u2019actualiser leurs connaissances.<\/p>\n<p>En r\u00e9servant un voyage \u00ab\u00a0Au Tigre Vanill\u00e9\u00a0\u00bb, vous b\u00e9n\u00e9ficiez donc d\u2019un savoir-faire et d\u2019une exp\u00e9rience cultiv\u00e9s avec passion. Des aspects qui contribueront grandement \u00e0 l\u2019\u00e9laboration d\u2019un voyage unique en son genre.[\/vc_column_text][\/vc_column_inner][\/vc_row_inner][\/vc_column][\/vc_row][vc_row css=\".vc_custom_1631112345283{background-color: #fff !important;}\"][vc_column][vc_raw_html]JTVCd3B2LXZpZXclMjBuYW1lJTNEJTIyZmMtZXF1aXBlJTIyJTVE[\/vc_raw_html][\/vc_column][\/vc_row][vc_row][vc_column][vc_raw_html css=\".vc_custom_1645028196967{margin-top: 0px !important;margin-right: 0px !important;margin-bottom: 0px !important;margin-left: 0px !important;padding-top: 0px !important;padding-right: 0px !important;padding-bottom: 0px !important;padding-left: 0px !important;}\"]JTVCd3B2LXBvc3QtYm9keSUyMHZpZXdfdGVtcGxhdGUlM0QlMjJmb290ZXItcmVwbGFjZW1lbnQtcmV1c2FibGVibG9ja3MlMjIlNUQ=[\/vc_raw_html][\/vc_column][\/vc_row]<\/p>\n<\/div>","protected":false},"excerpt":{"rendered":"<p>[vc_row equal_height=\u00a0\u00bbyes\u00a0\u00bb content_placement=\u00a0\u00bbmiddle\u00a0\u00bb css_animation=\u00a0\u00bbnone\u00a0\u00bb css=\u00a0\u00bb.vc_custom_1631015676052{margin-top: 0px !important;margin-right: 0px !important;margin-bottom: 0px !important;margin-left: 0px !important;border-bottom-width: 0px !important;padding-right: 0px !important;padding-left: 0px !important;}\u00a0\u00bb][vc_column css=\u00a0\u00bb.vc_custom_1631009041128{padding-right: 0px !important;padding-left: 0px !important;}\u00a0\u00bb][vc_column_text][\/vc_column_text][\/vc_column][\/vc_row][vc_row css=\u00a0\u00bb.vc_custom_1631022854048{padding-top: 70px !important;padding-bottom: 70px !important;background-color: #f5f1e7 !important;}\u00a0\u00bb][vc_column][vc_row_inner el_class=\u00a0\u00bbintro-apropos\u00a0\u00bb][vc_column_inner][vc_raw_html]JTNDaDIlMjBjbGFzcyUzRCUyMmNlbnRlcmVkJTIyJTNFRGVzJTIwc3AlQzMlQTljaWFsaXN0ZXMlMjBhdXglMjBwcm9maWxzJTIwdmFyaSVDMyVBOXMlM0MlMkZoMiUzRQ==[\/vc_raw_html][vc_column_text el_class=\u00a0\u00bbheader-covid\u00a0\u00bb]Dans notre petite \u00e9quipe, chacun a un parcours, une formation et des passe-temps diff\u00e9rents, mais tous partagent le m\u00eame besoin de visiter l\u2019ailleurs. Parmi nos cr\u00e9ateurs de voyage [&hellip;]<\/p>\n","protected":false},"author":15,"featured_media":2106,"parent":51723,"menu_order":0,"comment_status":"closed","ping_status":"closed","template":"","meta":[],"acf":[],"yoast_head":"<!-- This site is optimized with the Yoast SEO plugin v21.5 - https:\/\/yoast.com\/wordpress\/plugins\/seo\/ -->\n<title>L&#039;\u00e9quipe de Au Tigre Vanill\u00e9 - Agence de voyage sur mesure<\/title>\n<meta name=\"description\" content=\"Dans notre \u00e9quipe, chacun a un parcours et des passe-temps diff\u00e9rents, mais tous partagent le m\u00eame besoin de visiter l\u2019ailleurs.\" \/>\n<meta name=\"robots\" content=\"index, follow, max-snippet:-1, max-image-preview:large, max-video-preview:-1\" \/>\n<link rel=\"canonical\" href=\"https:\/\/www.autigrevanille.ch\/fr\/a-propos\/notre-equipe\/\" \/>\n<meta property=\"og:locale\" content=\"fr_FR\" \/>\n<meta property=\"og:type\" content=\"article\" \/>\n<meta property=\"og:title\" content=\"L&#039;\u00e9quipe de Au Tigre Vanill\u00e9 - Agence de voyage sur mesure\" \/>\n<meta property=\"og:description\" content=\"Dans notre \u00e9quipe, chacun a un parcours et des passe-temps diff\u00e9rents, mais tous partagent le m\u00eame besoin de visiter l\u2019ailleurs.\" \/>\n<meta property=\"og:url\" content=\"https:\/\/www.autigrevanille.ch\/fr\/a-propos\/notre-equipe\/\" \/>\n<meta property=\"og:site_name\" content=\"Au Tigre Vanill\u00e9, agence de voyages sur mesure\" \/>\n<meta property=\"article:publisher\" content=\"https:\/\/www.facebook.com\/autigrevanille\" \/>\n<meta property=\"article:modified_time\" content=\"2023-07-24T07:44:17+00:00\" \/>\n<meta property=\"og:image\" content=\"https:\/\/www.autigrevanille.ch\/wp-content\/uploads\/2018\/12\/faire-connaissance.jpg\" \/>\n\t<meta property=\"og:image:width\" content=\"1296\" \/>\n\t<meta property=\"og:image:height\" content=\"857\" \/>\n\t<meta property=\"og:image:type\" content=\"image\/jpeg\" \/>\n<meta name=\"twitter:card\" content=\"summary_large_image\" \/>\n<script type=\"application\/ld+json\" class=\"yoast-schema-graph\">{\"@context\":\"https:\/\/schema.org\",\"@graph\":[{\"@type\":\"WebPage\",\"@id\":\"https:\/\/www.autigrevanille.ch\/fr\/a-propos\/notre-equipe\/\",\"url\":\"https:\/\/www.autigrevanille.ch\/fr\/a-propos\/notre-equipe\/\",\"name\":\"L'\u00e9quipe de Au Tigre Vanill\u00e9 - Agence de voyage sur mesure\",\"isPartOf\":{\"@id\":\"https:\/\/www.autigrevanille.ch\/fr\/#website\"},\"datePublished\":\"2021-09-08T09:01:21+00:00\",\"dateModified\":\"2023-07-24T07:44:17+00:00\",\"description\":\"Dans notre \u00e9quipe, chacun a un parcours et des passe-temps diff\u00e9rents, mais tous partagent le m\u00eame besoin de visiter l\u2019ailleurs.\",\"breadcrumb\":{\"@id\":\"https:\/\/www.autigrevanille.ch\/fr\/a-propos\/notre-equipe\/#breadcrumb\"},\"inLanguage\":\"fr-FR\",\"potentialAction\":[{\"@type\":\"ReadAction\",\"target\":[\"https:\/\/www.autigrevanille.ch\/fr\/a-propos\/notre-equipe\/\"]}]},{\"@type\":\"BreadcrumbList\",\"@id\":\"https:\/\/www.autigrevanille.ch\/fr\/a-propos\/notre-equipe\/#breadcrumb\",\"itemListElement\":[{\"@type\":\"ListItem\",\"position\":1,\"name\":\"Accueil\",\"item\":\"https:\/\/www.autigrevanille.ch\/fr\/\"},{\"@type\":\"ListItem\",\"position\":2,\"name\":\"A propos\",\"item\":\"https:\/\/www.autigrevanille.ch\/fr\/a-propos\/\"},{\"@type\":\"ListItem\",\"position\":3,\"name\":\"Notre \u00e9quipe\"}]},{\"@type\":\"WebSite\",\"@id\":\"https:\/\/www.autigrevanille.ch\/fr\/#website\",\"url\":\"https:\/\/www.autigrevanille.ch\/fr\/\",\"name\":\"Au Tigre Vanill\u00e9, agence de voyages sur mesure\",\"description\":\"Agence de voyages d&#039;exception et sur mesure\",\"publisher\":{\"@id\":\"https:\/\/www.autigrevanille.ch\/fr\/#organization\"},\"potentialAction\":[{\"@type\":\"SearchAction\",\"target\":{\"@type\":\"EntryPoint\",\"urlTemplate\":\"https:\/\/www.autigrevanille.ch\/fr\/?s={search_term_string}\"},\"query-input\":\"required name=search_term_string\"}],\"inLanguage\":\"fr-FR\"},{\"@type\":\"Organization\",\"@id\":\"https:\/\/www.autigrevanille.ch\/fr\/#organization\",\"name\":\"Au Tigre Vanill\u00e9\",\"url\":\"https:\/\/www.autigrevanille.ch\/fr\/\",\"logo\":{\"@type\":\"ImageObject\",\"inLanguage\":\"fr-FR\",\"@id\":\"https:\/\/www.autigrevanille.ch\/fr\/#\/schema\/logo\/image\/\",\"url\":\"https:\/\/www.autigrevanille.ch\/wp-content\/uploads\/2018\/08\/Logo_ATV_300x276.png\",\"contentUrl\":\"https:\/\/www.autigrevanille.ch\/wp-content\/uploads\/2018\/08\/Logo_ATV_300x276.png\",\"width\":300,\"height\":276,\"caption\":\"Au Tigre Vanill\u00e9\"},\"image\":{\"@id\":\"https:\/\/www.autigrevanille.ch\/fr\/#\/schema\/logo\/image\/\"},\"sameAs\":[\"https:\/\/www.facebook.com\/autigrevanille\",\"https:\/\/www.instagram.com\/autigrevanille\",\"https:\/\/www.linkedin.com\/company\/autigrevanille\/\"]}]}<\/script>\n<!-- \/ Yoast SEO plugin. -->","yoast_head_json":{"title":"L'\u00e9quipe de Au Tigre Vanill\u00e9 - Agence de voyage sur mesure","description":"Dans notre \u00e9quipe, chacun a un parcours et des passe-temps diff\u00e9rents, mais tous partagent le m\u00eame besoin de visiter l\u2019ailleurs.","robots":{"index":"index","follow":"follow","max-snippet":"max-snippet:-1","max-image-preview":"max-image-preview:large","max-video-preview":"max-video-preview:-1"},"canonical":"https:\/\/www.autigrevanille.ch\/fr\/a-propos\/notre-equipe\/","og_locale":"fr_FR","og_type":"article","og_title":"L'\u00e9quipe de Au Tigre Vanill\u00e9 - Agence de voyage sur mesure","og_description":"Dans notre \u00e9quipe, chacun a un parcours et des passe-temps diff\u00e9rents, mais tous partagent le m\u00eame besoin de visiter l\u2019ailleurs.","og_url":"https:\/\/www.autigrevanille.ch\/fr\/a-propos\/notre-equipe\/","og_site_name":"Au Tigre Vanill\u00e9, agence de voyages sur mesure","article_publisher":"https:\/\/www.facebook.com\/autigrevanille","article_modified_time":"2023-07-24T07:44:17+00:00","og_image":[{"width":1296,"height":857,"url":"https:\/\/www.autigrevanille.ch\/wp-content\/uploads\/2018\/12\/faire-connaissance.jpg","type":"image\/jpeg"}],"twitter_card":"summary_large_image","schema":{"@context":"https:\/\/schema.org","@graph":[{"@type":"WebPage","@id":"https:\/\/www.autigrevanille.ch\/fr\/a-propos\/notre-equipe\/","url":"https:\/\/www.autigrevanille.ch\/fr\/a-propos\/notre-equipe\/","name":"L'\u00e9quipe de Au Tigre Vanill\u00e9 - Agence de voyage sur mesure","isPartOf":{"@id":"https:\/\/www.autigrevanille.ch\/fr\/#website"},"datePublished":"2021-09-08T09:01:21+00:00","dateModified":"2023-07-24T07:44:17+00:00","description":"Dans notre \u00e9quipe, chacun a un parcours et des passe-temps diff\u00e9rents, mais tous partagent le m\u00eame besoin de visiter l\u2019ailleurs.","breadcrumb":{"@id":"https:\/\/www.autigrevanille.ch\/fr\/a-propos\/notre-equipe\/#breadcrumb"},"inLanguage":"fr-FR","potentialAction":[{"@type":"ReadAction","target":["https:\/\/www.autigrevanille.ch\/fr\/a-propos\/notre-equipe\/"]}]},{"@type":"BreadcrumbList","@id":"https:\/\/www.autigrevanille.ch\/fr\/a-propos\/notre-equipe\/#breadcrumb","itemListElement":[{"@type":"ListItem","position":1,"name":"Accueil","item":"https:\/\/www.autigrevanille.ch\/fr\/"},{"@type":"ListItem","position":2,"name":"A propos","item":"https:\/\/www.autigrevanille.ch\/fr\/a-propos\/"},{"@type":"ListItem","position":3,"name":"Notre \u00e9quipe"}]},{"@type":"WebSite","@id":"https:\/\/www.autigrevanille.ch\/fr\/#website","url":"https:\/\/www.autigrevanille.ch\/fr\/","name":"Au Tigre Vanill\u00e9, agence de voyages sur mesure","description":"Agence de voyages d&#039;exception et sur mesure","publisher":{"@id":"https:\/\/www.autigrevanille.ch\/fr\/#organization"},"potentialAction":[{"@type":"SearchAction","target":{"@type":"EntryPoint","urlTemplate":"https:\/\/www.autigrevanille.ch\/fr\/?s={search_term_string}"},"query-input":"required name=search_term_string"}],"inLanguage":"fr-FR"},{"@type":"Organization","@id":"https:\/\/www.autigrevanille.ch\/fr\/#organization","name":"Au Tigre Vanill\u00e9","url":"https:\/\/www.autigrevanille.ch\/fr\/","logo":{"@type":"ImageObject","inLanguage":"fr-FR","@id":"https:\/\/www.autigrevanille.ch\/fr\/#\/schema\/logo\/image\/","url":"https:\/\/www.autigrevanille.ch\/wp-content\/uploads\/2018\/08\/Logo_ATV_300x276.png","contentUrl":"https:\/\/www.autigrevanille.ch\/wp-content\/uploads\/2018\/08\/Logo_ATV_300x276.png","width":300,"height":276,"caption":"Au Tigre Vanill\u00e9"},"image":{"@id":"https:\/\/www.autigrevanille.ch\/fr\/#\/schema\/logo\/image\/"},"sameAs":["https:\/\/www.facebook.com\/autigrevanille","https:\/\/www.instagram.com\/autigrevanille","https:\/\/www.linkedin.com\/company\/autigrevanille\/"]}]}},"_links":{"self":[{"href":"https:\/\/www.autigrevanille.ch\/fr\/wp-json\/wp\/v2\/pages\/51681"}],"collection":[{"href":"https:\/\/www.autigrevanille.ch\/fr\/wp-json\/wp\/v2\/pages"}],"about":[{"href":"https:\/\/www.autigrevanille.ch\/fr\/wp-json\/wp\/v2\/types\/page"}],"author":[{"embeddable":true,"href":"https:\/\/www.autigrevanille.ch\/fr\/wp-json\/wp\/v2\/users\/15"}],"replies":[{"embeddable":true,"href":"https:\/\/www.autigrevanille.ch\/fr\/wp-json\/wp\/v2\/comments?post=51681"}],"version-history":[{"count":2,"href":"https:\/\/www.autigrevanille.ch\/fr\/wp-json\/wp\/v2\/pages\/51681\/revisions"}],"predecessor-version":[{"id":64478,"href":"https:\/\/www.autigrevanille.ch\/fr\/wp-json\/wp\/v2\/pages\/51681\/revisions\/64478"}],"up":[{"embeddable":true,"href":"https:\/\/www.autigrevanille.ch\/fr\/wp-json\/wp\/v2\/pages\/51723"}],"wp:featuredmedia":[{"embeddable":true,"href":"https:\/\/www.autigrevanille.ch\/fr\/wp-json\/wp\/v2\/media\/2106"}],"wp:attachment":[{"href":"https:\/\/www.autigrevanille.ch\/fr\/wp-json\/wp\/v2\/media?parent=51681"}],"curies":[{"name":"wp","href":"https:\/\/api.w.org\/{rel}","templated":true}]}}