 {"id":51728,"date":"2022-05-10T11:03:36","date_gmt":"2022-05-10T09:03:36","guid":{"rendered":"https:\/\/www.autigrevanille.ch\/fr\/?page_id=51728"},"modified":"2025-04-01T17:10:35","modified_gmt":"2025-04-01T15:10:35","slug":"agence-de-voyages","status":"publish","type":"page","link":"https:\/\/www.autigrevanille.ch\/fr\/a-propos\/agence-de-voyages\/","title":{"rendered":"Nos agences de cr\u00e9ation de voyages"},"content":{"rendered":"<div class=\"wpb-content-wrapper\"><p>[vc_row equal_height=\"yes\" content_placement=\"middle\" css_animation=\"none\" css=\".vc_custom_1631015676052{margin-top: 0px !important;margin-right: 0px !important;margin-bottom: 0px !important;margin-left: 0px !important;border-bottom-width: 0px !important;padding-right: 0px !important;padding-left: 0px !important;}\"][vc_column css=\".vc_custom_1631009041128{padding-right: 0px !important;padding-left: 0px !important;}\"][vc_column_text]<div id=\"apropos-page\" class=\"header-banniere-apropos\" style=\"background-image: url('https:\/\/www.autigrevanille.ch\/wp-content\/uploads\/2021\/09\/D75_2403-1600x1068.jpg')\" >\n  \t<div>\n      <h1 class=\"apropos-titre-page\">Nos agences de cr\u00e9ation de voyages<\/h1>\n  \t<\/div>\n<\/div>\n\n<div class=\"\">\n    <ul class=\"menu-apropos\">\n  <li><a href=\"https:\/\/www.autigrevanille.ch\/fr\/a-propos\/agence-de-creation-de-voyages\/\">Notre approche<\/a><\/li>\n  <li><a href=\"https:\/\/www.autigrevanille.ch\/fr\/a-propos\/des-services-personnalises\/\">Nos services<\/a><\/li>\n  <li><a href=\"https:\/\/www.autigrevanille.ch\/fr\/a-propos\/notre-equipe\/\">Notre \u00e9quipe<\/a><\/li>\n  <li><a href=\"https:\/\/www.autigrevanille.ch\/fr\/a-propos\/agence-de-voyages\/\">Nos agences<\/a><\/li> \n<li><a class=\"link-concours-photo\" href=\"https:\/\/www.autigrevanille.ch\/fr\/a-propos\/concours-photographe-voyageur\/\">Concours Photo<\/a><\/li>\n    <\/ul>\n<\/div>\n[\/vc_column_text][\/vc_column][\/vc_row][vc_row css=\".vc_custom_1631090840771{padding-top: 70px !important;padding-bottom: 20px !important;background-color: #f5f1e7 !important;}\"][vc_column][vc_row_inner el_class=\"intro-apropos\"][vc_column_inner][vc_raw_html]JTNDaDIlMjBjbGFzcyUzRCUyMmNlbnRlcmVkJTIyJTNFTm9zJTIwYWdlbmNlcyUyMGRlJTIwR2VuJUMzJUE4dmUlMjBldCUyMExhdXNhbm5lJTNDJTJGaDIlM0U=[\/vc_raw_html][vc_column_text el_class=\"header-covid\"]<\/p>\n<p class=\"vc_custom_heading soustitreentete\">Nous aimons prendre le temps n\u00e9cessaire pour mieux cerner les envies de nos clients afin d'offrir une exp\u00e9rience qui corresponde le plus possible \u00e0 leurs attentes. C'est pour cette raison que chaque projet de voyage est pr\u00e9c\u00e9d\u00e9 d'un rendez-vous avec un sp\u00e9cialiste qui fera le point avec vous sur votre projet de voyage.<\/p>\n<p>[\/vc_column_text][\/vc_column_inner][\/vc_row_inner][\/vc_column][\/vc_row][vc_row css=\".vc_custom_1631090833955{padding-top: 20px !important;padding-bottom: 70px !important;background-color: #ffffff !important;}\"][vc_column][vc_row_inner gap=\"30\" css=\".vc_custom_1567675547886{padding-top: 60px !important;padding-right: 10% !important;padding-bottom: 60px !important;padding-left: 10% !important;background-position: center !important;background-repeat: no-repeat !important;background-size: cover !important;}\" el_class=\"Contact_InnerColumn\"][vc_column_inner el_class=\"Contact_InnerColumn\" width=\"1\/2\" css=\".vc_custom_1631090792249{padding-right: 0px !important;padding-bottom: 0px !important;padding-left: 0px !important;background-color: #ffffff !important;}\"][vc_column_text el_class=\"FC_PaysBlocBureau\"]<\/p>\n<h3><a href=\"https:\/\/www.autigrevanille.ch\/fr\/a-propos\/agence-de-voyages\/geneve\/\">AGENCE DE GEN\u00c8VE<\/a><\/h3>\n<p>[\/vc_column_text][vc_column_text css=\".vc_custom_1743520230978{margin-bottom: 6px !important;}\" el_class=\"PaysBlocAdresse\"]<\/p>\n<p style=\"text-align: center;\"><strong>Rue de Rive 8<br \/>\n1204 Gen\u00e8ve<\/strong><br \/>\n<a href=\"tel:0228173737\"><strong>022 817 37 37<\/strong><\/a><\/p>\n<p>[\/vc_column_text][vc_separator color=\"black\" el_width=\"20\"][vc_column_text el_class=\"PaysHoraireAgence\"]<\/p>\n<p style=\"text-align: center;\">Du lundi au vendredi, de 9h \u00e0 18h<br \/>\nDe pr\u00e9f\u00e9rence sur rendez-vous<\/p>\n<p>[\/vc_column_text][vc_btn title=\"PRENDRE RDV AVEC UN SPECIALISTE\" style=\"outline-custom\" outline_custom_color=\"#000000\" outline_custom_hover_background=\"#000000\" outline_custom_hover_text=\"#ffffff\" shape=\"square\" align=\"center\" link=\"url:https%3A%2F%2Fwww.autigrevanille.ch%2Ffr%2Fprise-de-rdv%2F|title:PRENDRE%20RDV\" el_class=\"button_voir_nos_etapes\"][vc_raw_html css=\".vc_custom_1543573751726{margin-bottom: 0px !important;}\"]JTNDaWZyYW1lJTIwc3JjJTNEJTIyaHR0cHMlM0ElMkYlMkZ3d3cuZ29vZ2xlLmNvbSUyRm1hcHMlMkZlbWJlZCUzRnBiJTNEJTIxMW0xOCUyMTFtMTIlMjExbTMlMjExZDI3NjEuNDE4NDI5NzE1MDQyMyUyMTJkNi4xNDg0OTU1MTYwMTYzNDMlMjEzZDQ2LjIwMjEzMDU5MTkyMDMzJTIxMm0zJTIxMWYwJTIxMmYwJTIxM2YwJTIxM20yJTIxMWkxMDI0JTIxMmk3NjglMjE0ZjEzLjElMjEzbTMlMjExbTIlMjExczB4NDc4YzY1MmUwYTQzZTdmMSUyNTNBMHhmMzVlN2JhY2Q2NWJmNDljJTIxMnNSdWUlMkJkZSUyQlJpdmUlMkI4JTI1MkMlMkIxMjA0JTJCR2VuJTI1QzMlMjVBOHZlJTI1MkMlMkJTdWlzc2UlMjE1ZTAlMjEzbTIlMjExc2ZyJTIxMnNmciUyMTR2MTU0MzU2OTA5OTI5MiUyMiUyMHdpZHRoJTNEJTIyNjAwJTIyJTIwaGVpZ2h0JTNEJTIyNDUwJTIyJTIwZnJhbWVib3JkZXIlM0QlMjIwJTIyJTIwc3R5bGUlM0QlMjJib3JkZXIlM0EwJTIyJTIwYWxsb3dmdWxsc2NyZWVuJTNFJTNDJTJGaWZyYW1lJTNF[\/vc_raw_html][\/vc_column_inner][vc_column_inner el_class=\"Contact_InnerColumn\" width=\"1\/2\" css=\".vc_custom_1631090801547{padding-right: 0px !important;padding-bottom: 0px !important;padding-left: 0px !important;background-color: #ffffff !important;}\"][vc_column_text el_class=\"FC_PaysBlocBureau\"]<\/p>\n<h3><a href=\"https:\/\/www.autigrevanille.ch\/fr\/a-propos\/agence-de-voyages\/lausanne\/\">AGENCE DE LAUSANNE<\/a><\/h3>\n<p>[\/vc_column_text][vc_column_text css=\".vc_custom_1743519369313{margin-bottom: 6px !important;}\" el_class=\"PaysBlocAdresse\"]<\/p>\n<p style=\"text-align: center;\"><strong>Rue Caroline 3<br \/>\n1003 Lausanne<\/strong><br \/>\n<a href=\"tel:0215507237\"><strong>021 550 72 37<\/strong><\/a><\/p>\n<p>[\/vc_column_text][vc_separator color=\"black\" el_width=\"20\"][vc_column_text el_class=\"PaysHoraireAgence\"]<\/p>\n<p style=\"text-align: center;\">Du lundi au vendredi, de 9h \u00e0 18h<br \/>\nDe pr\u00e9f\u00e9rence sur rendez-vous<\/p>\n<p>[\/vc_column_text][vc_btn title=\"PRENDRE RDV AVEC UN SPECIALISTE\" style=\"outline-custom\" outline_custom_color=\"#000000\" outline_custom_hover_background=\"#000000\" outline_custom_hover_text=\"#ffffff\" shape=\"square\" align=\"center\" link=\"url:https%3A%2F%2Fwww.autigrevanille.ch%2Ffr%2Fprise-de-rdv%2F|title:PRENDRE%20RDV\" el_class=\"button_voir_nos_etapes\"][vc_raw_html css=\".vc_custom_1743519818242{margin-bottom: 0px !important;}\"]JTNDaWZyYW1lJTIwc3JjJTNEJTIyaHR0cHMlM0ElMkYlMkZ3d3cuZ29vZ2xlLmNvbSUyRm1hcHMlMkZlbWJlZCUzRnBiJTNEJTIxMW0xOCUyMTFtMTIlMjExbTMlMjExZDI3NDUuMzg5MzA2NDQyNzE1NyUyMTJkNi42MzQyMjAzNzc0MDAzMDQlMjEzZDQ2LjUyMDE5NzY2MjM2MzYxJTIxMm0zJTIxMWYwJTIxMmYwJTIxM2YwJTIxM20yJTIxMWkxMDI0JTIxMmk3NjglMjE0ZjEzLjElMjEzbTMlMjExbTIlMjExczB4NDc4YzJlMzI5NDZhZjFhNSUyNTNBMHg5ODEwNzUwYzE3N2QyMWI4JTIxMnNBdSUyNTIwVGlncmUlMjUyMFZhbmlsbCUyNUMzJTI1QTklMjUyMC0lMjUyMEFnZW5jZSUyNTIwZGUlMjUyMFZveWFnZSUyNTIwTGF1c2FubmUlMjE1ZTAlMjEzbTIlMjExc2ZyJTIxMnNjaCUyMTR2MTc0MzUxOTc5OTMxMyUyMTVtMiUyMTFzZnIlMjEyc2NoJTIyJTIwd2lkdGglM0QlMjI2MDAlMjIlMjBoZWlnaHQlM0QlMjI0NTAlMjIlMjBzdHlsZSUzRCUyMmJvcmRlciUzQTAlM0IlMjIlMjBhbGxvd2Z1bGxzY3JlZW4lM0QlMjIlMjIlMjBsb2FkaW5nJTNEJTIybGF6eSUyMiUyMHJlZmVycmVycG9saWN5JTNEJTIybm8tcmVmZXJyZXItd2hlbi1kb3duZ3JhZGUlMjIlM0UlM0MlMkZpZnJhbWUlM0U=[\/vc_raw_html][\/vc_column_inner][\/vc_row_inner][\/vc_column][\/vc_row][vc_row][vc_column][vc_raw_html css=\".vc_custom_1645028211775{margin-top: 0px !important;margin-right: 0px !important;margin-bottom: 0px !important;margin-left: 0px !important;padding-top: 0px !important;padding-right: 0px !important;padding-bottom: 0px !important;padding-left: 0px !important;}\"]JTVCd3B2LXBvc3QtYm9keSUyMHZpZXdfdGVtcGxhdGUlM0QlMjJmb290ZXItcmVwbGFjZW1lbnQtcmV1c2FibGVibG9ja3MlMjIlNUQ=[\/vc_raw_html][\/vc_column][\/vc_row]<\/p>\n<\/div>","protected":false},"excerpt":{"rendered":"<p>[vc_row equal_height=\u00a0\u00bbyes\u00a0\u00bb content_placement=\u00a0\u00bbmiddle\u00a0\u00bb css_animation=\u00a0\u00bbnone\u00a0\u00bb css=\u00a0\u00bb.vc_custom_1631015676052{margin-top: 0px !important;margin-right: 0px !important;margin-bottom: 0px !important;margin-left: 0px !important;border-bottom-width: 0px !important;padding-right: 0px !important;padding-left: 0px !important;}\u00a0\u00bb][vc_column css=\u00a0\u00bb.vc_custom_1631009041128{padding-right: 0px !important;padding-left: 0px !important;}\u00a0\u00bb][vc_column_text][\/vc_column_text][\/vc_column][\/vc_row][vc_row css=\u00a0\u00bb.vc_custom_1631090840771{padding-top: 70px !important;padding-bottom: 20px !important;background-color: #f5f1e7 !important;}\u00a0\u00bb][vc_column][vc_row_inner el_class=\u00a0\u00bbintro-apropos\u00a0\u00bb][vc_column_inner][vc_raw_html]JTNDaDIlMjBjbGFzcyUzRCUyMmNlbnRlcmVkJTIyJTNFTm9zJTIwYWdlbmNlcyUyMGRlJTIwR2VuJUMzJUE4dmUlMjBldCUyMExhdXNhbm5lJTNDJTJGaDIlM0U=[\/vc_raw_html][vc_column_text el_class=\u00a0\u00bbheader-covid\u00a0\u00bb] Nous aimons prendre le temps n\u00e9cessaire pour mieux cerner les envies de nos clients afin d&rsquo;offrir une exp\u00e9rience qui corresponde le plus possible \u00e0 leurs attentes. C&rsquo;est [&hellip;]<\/p>\n","protected":false},"author":15,"featured_media":51794,"parent":51723,"menu_order":0,"comment_status":"closed","ping_status":"closed","template":"","meta":[],"acf":[],"yoast_head":"<!-- This site is optimized with the Yoast SEO plugin v21.5 - https:\/\/yoast.com\/wordpress\/plugins\/seo\/ -->\n<title>Au Tigre Vanill\u00e9 - Cr\u00e9ation de voyages sur mesure - Gen\u00e8ve et Lausanne<\/title>\n<meta name=\"description\" content=\"Nous aimons prendre le temps pour mieux cerner les envies de nos voyageurs pour une une exp\u00e9rience au plus proche de leurs attentes.\" \/>\n<meta name=\"robots\" content=\"index, follow, max-snippet:-1, max-image-preview:large, max-video-preview:-1\" \/>\n<link rel=\"canonical\" href=\"https:\/\/www.autigrevanille.ch\/fr\/a-propos\/agence-de-voyages\/\" \/>\n<meta property=\"og:locale\" content=\"fr_FR\" \/>\n<meta property=\"og:type\" content=\"article\" \/>\n<meta property=\"og:title\" content=\"Au Tigre Vanill\u00e9 - Cr\u00e9ation de voyages sur mesure - Gen\u00e8ve et Lausanne\" \/>\n<meta property=\"og:description\" content=\"Nous aimons prendre le temps pour mieux cerner les envies de nos voyageurs pour une une exp\u00e9rience au plus proche de leurs attentes.\" \/>\n<meta property=\"og:url\" content=\"https:\/\/www.autigrevanille.ch\/fr\/a-propos\/agence-de-voyages\/\" \/>\n<meta property=\"og:site_name\" content=\"Au Tigre Vanill\u00e9, agence de voyages sur mesure\" \/>\n<meta property=\"article:publisher\" content=\"https:\/\/www.facebook.com\/autigrevanille\" \/>\n<meta property=\"article:modified_time\" content=\"2025-04-01T15:10:35+00:00\" \/>\n<meta property=\"og:image\" content=\"https:\/\/www.autigrevanille.ch\/wp-content\/uploads\/2021\/09\/D75_2403.jpg\" \/>\n\t<meta property=\"og:image:width\" content=\"2000\" \/>\n\t<meta property=\"og:image:height\" content=\"1335\" \/>\n\t<meta property=\"og:image:type\" content=\"image\/jpeg\" \/>\n<meta name=\"twitter:card\" content=\"summary_large_image\" \/>\n<script type=\"application\/ld+json\" class=\"yoast-schema-graph\">{\"@context\":\"https:\/\/schema.org\",\"@graph\":[{\"@type\":\"WebPage\",\"@id\":\"https:\/\/www.autigrevanille.ch\/fr\/a-propos\/agence-de-voyages\/\",\"url\":\"https:\/\/www.autigrevanille.ch\/fr\/a-propos\/agence-de-voyages\/\",\"name\":\"Au Tigre Vanill\u00e9 - Cr\u00e9ation de voyages sur mesure - Gen\u00e8ve et Lausanne\",\"isPartOf\":{\"@id\":\"https:\/\/www.autigrevanille.ch\/fr\/#website\"},\"datePublished\":\"2022-05-10T09:03:36+00:00\",\"dateModified\":\"2025-04-01T15:10:35+00:00\",\"description\":\"Nous aimons prendre le temps pour mieux cerner les envies de nos voyageurs pour une une exp\u00e9rience au plus proche de leurs attentes.\",\"breadcrumb\":{\"@id\":\"https:\/\/www.autigrevanille.ch\/fr\/a-propos\/agence-de-voyages\/#breadcrumb\"},\"inLanguage\":\"fr-FR\",\"potentialAction\":[{\"@type\":\"ReadAction\",\"target\":[\"https:\/\/www.autigrevanille.ch\/fr\/a-propos\/agence-de-voyages\/\"]}]},{\"@type\":\"BreadcrumbList\",\"@id\":\"https:\/\/www.autigrevanille.ch\/fr\/a-propos\/agence-de-voyages\/#breadcrumb\",\"itemListElement\":[{\"@type\":\"ListItem\",\"position\":1,\"name\":\"Accueil\",\"item\":\"https:\/\/www.autigrevanille.ch\/fr\/\"},{\"@type\":\"ListItem\",\"position\":2,\"name\":\"A propos\",\"item\":\"https:\/\/www.autigrevanille.ch\/fr\/a-propos\/\"},{\"@type\":\"ListItem\",\"position\":3,\"name\":\"Nos agences de cr\u00e9ation de voyages\"}]},{\"@type\":\"WebSite\",\"@id\":\"https:\/\/www.autigrevanille.ch\/fr\/#website\",\"url\":\"https:\/\/www.autigrevanille.ch\/fr\/\",\"name\":\"Au Tigre Vanill\u00e9, agence de voyages sur mesure\",\"description\":\"Agence de voyages d&#039;exception et sur mesure\",\"publisher\":{\"@id\":\"https:\/\/www.autigrevanille.ch\/fr\/#organization\"},\"potentialAction\":[{\"@type\":\"SearchAction\",\"target\":{\"@type\":\"EntryPoint\",\"urlTemplate\":\"https:\/\/www.autigrevanille.ch\/fr\/?s={search_term_string}\"},\"query-input\":\"required name=search_term_string\"}],\"inLanguage\":\"fr-FR\"},{\"@type\":\"Organization\",\"@id\":\"https:\/\/www.autigrevanille.ch\/fr\/#organization\",\"name\":\"Au Tigre Vanill\u00e9\",\"url\":\"https:\/\/www.autigrevanille.ch\/fr\/\",\"logo\":{\"@type\":\"ImageObject\",\"inLanguage\":\"fr-FR\",\"@id\":\"https:\/\/www.autigrevanille.ch\/fr\/#\/schema\/logo\/image\/\",\"url\":\"https:\/\/www.autigrevanille.ch\/wp-content\/uploads\/2018\/08\/Logo_ATV_300x276.png\",\"contentUrl\":\"https:\/\/www.autigrevanille.ch\/wp-content\/uploads\/2018\/08\/Logo_ATV_300x276.png\",\"width\":300,\"height\":276,\"caption\":\"Au Tigre Vanill\u00e9\"},\"image\":{\"@id\":\"https:\/\/www.autigrevanille.ch\/fr\/#\/schema\/logo\/image\/\"},\"sameAs\":[\"https:\/\/www.facebook.com\/autigrevanille\",\"https:\/\/www.instagram.com\/autigrevanille\",\"https:\/\/www.linkedin.com\/company\/autigrevanille\/\"]}]}<\/script>\n<!-- \/ Yoast SEO plugin. -->","yoast_head_json":{"title":"Au Tigre Vanill\u00e9 - Cr\u00e9ation de voyages sur mesure - Gen\u00e8ve et Lausanne","description":"Nous aimons prendre le temps pour mieux cerner les envies de nos voyageurs pour une une exp\u00e9rience au plus proche de leurs attentes.","robots":{"index":"index","follow":"follow","max-snippet":"max-snippet:-1","max-image-preview":"max-image-preview:large","max-video-preview":"max-video-preview:-1"},"canonical":"https:\/\/www.autigrevanille.ch\/fr\/a-propos\/agence-de-voyages\/","og_locale":"fr_FR","og_type":"article","og_title":"Au Tigre Vanill\u00e9 - Cr\u00e9ation de voyages sur mesure - Gen\u00e8ve et Lausanne","og_description":"Nous aimons prendre le temps pour mieux cerner les envies de nos voyageurs pour une une exp\u00e9rience au plus proche de leurs attentes.","og_url":"https:\/\/www.autigrevanille.ch\/fr\/a-propos\/agence-de-voyages\/","og_site_name":"Au Tigre Vanill\u00e9, agence de voyages sur mesure","article_publisher":"https:\/\/www.facebook.com\/autigrevanille","article_modified_time":"2025-04-01T15:10:35+00:00","og_image":[{"width":2000,"height":1335,"url":"https:\/\/www.autigrevanille.ch\/wp-content\/uploads\/2021\/09\/D75_2403.jpg","type":"image\/jpeg"}],"twitter_card":"summary_large_image","schema":{"@context":"https:\/\/schema.org","@graph":[{"@type":"WebPage","@id":"https:\/\/www.autigrevanille.ch\/fr\/a-propos\/agence-de-voyages\/","url":"https:\/\/www.autigrevanille.ch\/fr\/a-propos\/agence-de-voyages\/","name":"Au Tigre Vanill\u00e9 - Cr\u00e9ation de voyages sur mesure - Gen\u00e8ve et Lausanne","isPartOf":{"@id":"https:\/\/www.autigrevanille.ch\/fr\/#website"},"datePublished":"2022-05-10T09:03:36+00:00","dateModified":"2025-04-01T15:10:35+00:00","description":"Nous aimons prendre le temps pour mieux cerner les envies de nos voyageurs pour une une exp\u00e9rience au plus proche de leurs attentes.","breadcrumb":{"@id":"https:\/\/www.autigrevanille.ch\/fr\/a-propos\/agence-de-voyages\/#breadcrumb"},"inLanguage":"fr-FR","potentialAction":[{"@type":"ReadAction","target":["https:\/\/www.autigrevanille.ch\/fr\/a-propos\/agence-de-voyages\/"]}]},{"@type":"BreadcrumbList","@id":"https:\/\/www.autigrevanille.ch\/fr\/a-propos\/agence-de-voyages\/#breadcrumb","itemListElement":[{"@type":"ListItem","position":1,"name":"Accueil","item":"https:\/\/www.autigrevanille.ch\/fr\/"},{"@type":"ListItem","position":2,"name":"A propos","item":"https:\/\/www.autigrevanille.ch\/fr\/a-propos\/"},{"@type":"ListItem","position":3,"name":"Nos agences de cr\u00e9ation de voyages"}]},{"@type":"WebSite","@id":"https:\/\/www.autigrevanille.ch\/fr\/#website","url":"https:\/\/www.autigrevanille.ch\/fr\/","name":"Au Tigre Vanill\u00e9, agence de voyages sur mesure","description":"Agence de voyages d&#039;exception et sur mesure","publisher":{"@id":"https:\/\/www.autigrevanille.ch\/fr\/#organization"},"potentialAction":[{"@type":"SearchAction","target":{"@type":"EntryPoint","urlTemplate":"https:\/\/www.autigrevanille.ch\/fr\/?s={search_term_string}"},"query-input":"required name=search_term_string"}],"inLanguage":"fr-FR"},{"@type":"Organization","@id":"https:\/\/www.autigrevanille.ch\/fr\/#organization","name":"Au Tigre Vanill\u00e9","url":"https:\/\/www.autigrevanille.ch\/fr\/","logo":{"@type":"ImageObject","inLanguage":"fr-FR","@id":"https:\/\/www.autigrevanille.ch\/fr\/#\/schema\/logo\/image\/","url":"https:\/\/www.autigrevanille.ch\/wp-content\/uploads\/2018\/08\/Logo_ATV_300x276.png","contentUrl":"https:\/\/www.autigrevanille.ch\/wp-content\/uploads\/2018\/08\/Logo_ATV_300x276.png","width":300,"height":276,"caption":"Au Tigre Vanill\u00e9"},"image":{"@id":"https:\/\/www.autigrevanille.ch\/fr\/#\/schema\/logo\/image\/"},"sameAs":["https:\/\/www.facebook.com\/autigrevanille","https:\/\/www.instagram.com\/autigrevanille","https:\/\/www.linkedin.com\/company\/autigrevanille\/"]}]}},"_links":{"self":[{"href":"https:\/\/www.autigrevanille.ch\/fr\/wp-json\/wp\/v2\/pages\/51728"}],"collection":[{"href":"https:\/\/www.autigrevanille.ch\/fr\/wp-json\/wp\/v2\/pages"}],"about":[{"href":"https:\/\/www.autigrevanille.ch\/fr\/wp-json\/wp\/v2\/types\/page"}],"author":[{"embeddable":true,"href":"https:\/\/www.autigrevanille.ch\/fr\/wp-json\/wp\/v2\/users\/15"}],"replies":[{"embeddable":true,"href":"https:\/\/www.autigrevanille.ch\/fr\/wp-json\/wp\/v2\/comments?post=51728"}],"version-history":[{"count":5,"href":"https:\/\/www.autigrevanille.ch\/fr\/wp-json\/wp\/v2\/pages\/51728\/revisions"}],"predecessor-version":[{"id":63093,"href":"https:\/\/www.autigrevanille.ch\/fr\/wp-json\/wp\/v2\/pages\/51728\/revisions\/63093"}],"up":[{"embeddable":true,"href":"https:\/\/www.autigrevanille.ch\/fr\/wp-json\/wp\/v2\/pages\/51723"}],"wp:featuredmedia":[{"embeddable":true,"href":"https:\/\/www.autigrevanille.ch\/fr\/wp-json\/wp\/v2\/media\/51794"}],"wp:attachment":[{"href":"https:\/\/www.autigrevanille.ch\/fr\/wp-json\/wp\/v2\/media?parent=51728"}],"curies":[{"name":"wp","href":"https:\/\/api.w.org\/{rel}","templated":true}]}}