 {"id":54557,"date":"2022-03-10T15:18:33","date_gmt":"2022-03-10T14:18:33","guid":{"rendered":"https:\/\/www.autigrevanille.ch\/fr\/?page_id=54557"},"modified":"2023-08-03T15:48:48","modified_gmt":"2023-08-03T13:48:48","slug":"voyages-en-petit-groupe","status":"publish","type":"page","link":"https:\/\/www.autigrevanille.ch\/fr\/voyages-en-petit-groupe\/","title":{"rendered":"Voyages en petits groupes"},"content":{"rendered":"<div class=\"wpb-content-wrapper\"><p>[vc_row][vc_column][vc_raw_html]JTNDZGl2JTIwZGF0YS12Yy1wYXJhbGxheCUzRCUyMjEuNSUyMiUyMGRhdGEtdmMtcGFyYWxsYXgtaW1hZ2UlM0QlMjJodHRwcyUzQSUyRiUyRnd3dy5hdXRpZ3JldmFuaWxsZS5jaCUyRndwLWNvbnRlbnQlMkZ1cGxvYWRzJTJGMjAxOCUyRjEwJTJGZW4tcGV0aXQtZ3JvdXBlLmpwZyUyMiUyMGNsYXNzJTNEJTIydmNfcm93JTIwd3BiX3JvdyUyMHZjX3Jvdy1mbHVpZCUyMHdwYl9hbmltYXRlX3doZW5fYWxtb3N0X3Zpc2libGUlMjB3cGJfZmFkZUluJTIwZmFkZUluJTIwdmNfcm93LWhhcy1maWxsJTIwdmNfcm93LW8tZXF1YWwtaGVpZ2h0JTIwdmNfcm93LW8tY29udGVudC1taWRkbGUlMjB2Y19yb3ctZmxleCUyMHZjX2dlbmVyYWwlMjB2Y19wYXJhbGxheCUyMHZjX3BhcmFsbGF4LWNvbnRlbnQtbW92aW5nJTIwd3BiX3N0YXJ0X2FuaW1hdGlvbiUyMGFuaW1hdGVkJTIyJTNFJTNDZGl2JTIwY2xhc3MlM0QlMjJQYXlzRW50ZXRlSW1hZ2VUaXRyZSUyMHdwYl9jb2x1bW4lMjB2Y19jb2x1bW5fY29udGFpbmVyJTIwdmNfY29sLXNtLTEyJTIyJTNFJTNDZGl2JTIwY2xhc3MlM0QlMjJ2Y19jb2x1bW4taW5uZXIlMjB2Y19jdXN0b21fMTU0MjEwMzA1NjcxOSUyMiUzRSUzQ2RpdiUyMGNsYXNzJTNEJTIyd3BiX3dyYXBwZXIlMjIlM0UlMEElMDklM0NkaXYlMjBjbGFzcyUzRCUyMndwYl9yYXdfY29kZSUyMHdwYl9jb250ZW50X2VsZW1lbnQlMjB3cGJfcmF3X2h0bWwlMjBQR190aXRyZV9wcmluY2lwYWxlX0VQRyUyMiUzRSUwQSUwOSUwOSUzQ2RpdiUyMGNsYXNzJTNEJTIyd3BiX3dyYXBwZXIlMjIlM0UlMEElMDklMDklMDklM0NoMSUyMGlkJTNEJTIycGV0aXQtZ3JvdXBlLXBhZ2UlMjIlMjBjbGFzcyUzRCUyMlBHX3RpdHJlX3ByaW5jaXBhbGVfRVBHJTIyJTNFVm95YWdlcyUyMGVuJTIwcGV0aXQlMjBncm91cGUlM0MlMkZoMSUzRSUwQSUwOSUwOSUzQyUyRmRpdiUzRSUwQSUwOSUzQyUyRmRpdiUzRSUwQSUzQyUyRmRpdiUzRSUzQyUyRmRpdiUzRSUzQyUyRmRpdiUzRSUzQ2RpdiUyMGNsYXNzJTNEJTIydmNfcGFyYWxsYXgtaW5uZXIlMjBza3JvbGxhYmxlJTIwc2tyb2xsYWJsZS1iZXR3ZWVuJTIyJTIwZGF0YS1ib3R0b20tdG9wJTNEJTIydG9wJTNBJTIwLTUwJTI1JTNCJTIyJTIwZGF0YS10b3AtYm90dG9tJTNEJTIydG9wJTNBJTIwMCUyNSUzQiUyMiUyMHN0eWxlJTNEJTIyaGVpZ2h0JTNBJTIwMTUwJTI1JTNCJTIwYmFja2dyb3VuZC1pbWFnZSUzQSUyMHVybCUyOCUyNnF1b3QlM0JodHRwcyUzQSUyRiUyRnd3dy5hdXRpZ3JldmFuaWxsZS5jaCUyRndwLWNvbnRlbnQlMkZ1cGxvYWRzJTJGMjAxOCUyRjEwJTJGZW4tcGV0aXQtZ3JvdXBlLmpwZyUyNnF1b3QlM0IlMjklM0IlMjB0b3AlM0ElMjAtMjIuMjY5MiUyNSUzQiUyMiUzRSUzQyUyRmRpdiUzRSUzQyUyRmRpdiUzRSUyMA==[\/vc_raw_html][\/vc_column][\/vc_row][vc_row][vc_column][vc_raw_html]JTVCd3B2LXZpZXclMjBuYW1lJTNEJTIydmlldy1lbi1wZXRpdC1ncm91cGUlMjIlNUQ=[\/vc_raw_html][\/vc_column][\/vc_row][vc_row][vc_column][vc_empty_space][\/vc_column][\/vc_row][vc_row][vc_column][vc_raw_html]JTVCd3B2LXBvc3QtYm9keSUyMHZpZXdfdGVtcGxhdGUlM0QlMjJmb290ZXItcmVwbGFjZW1lbnQtcmV1c2FibGVibG9ja3MlMjIlNUQ=[\/vc_raw_html][\/vc_column][\/vc_row]<\/p>\n<\/div>","protected":false},"excerpt":{"rendered":"<p>[vc_row][vc_column][vc_raw_html]JTNDZGl2JTIwZGF0YS12Yy1wYXJhbGxheCUzRCUyMjEuNSUyMiUyMGRhdGEtdmMtcGFyYWxsYXgtaW1hZ2UlM0QlMjJodHRwcyUzQSUyRiUyRnd3dy5hdXRpZ3JldmFuaWxsZS5jaCUyRndwLWNvbnRlbnQlMkZ1cGxvYWRzJTJGMjAxOCUyRjEwJTJGZW4tcGV0aXQtZ3JvdXBlLmpwZyUyMiUyMGNsYXNzJTNEJTIydmNfcm93JTIwd3BiX3JvdyUyMHZjX3Jvdy1mbHVpZCUyMHdwYl9hbmltYXRlX3doZW5fYWxtb3N0X3Zpc2libGUlMjB3cGJfZmFkZUluJTIwZmFkZUluJTIwdmNfcm93LWhhcy1maWxsJTIwdmNfcm93LW8tZXF1YWwtaGVpZ2h0JTIwdmNfcm93LW8tY29udGVudC1taWRkbGUlMjB2Y19yb3ctZmxleCUyMHZjX2dlbmVyYWwlMjB2Y19wYXJhbGxheCUyMHZjX3BhcmFsbGF4LWNvbnRlbnQtbW92aW5nJTIwd3BiX3N0YXJ0X2FuaW1hdGlvbiUyMGFuaW1hdGVkJTIyJTNFJTNDZGl2JTIwY2xhc3MlM0QlMjJQYXlzRW50ZXRlSW1hZ2VUaXRyZSUyMHdwYl9jb2x1bW4lMjB2Y19jb2x1bW5fY29udGFpbmVyJTIwdmNfY29sLXNtLTEyJTIyJTNFJTNDZGl2JTIwY2xhc3MlM0QlMjJ2Y19jb2x1bW4taW5uZXIlMjB2Y19jdXN0b21fMTU0MjEwMzA1NjcxOSUyMiUzRSUzQ2RpdiUyMGNsYXNzJTNEJTIyd3BiX3dyYXBwZXIlMjIlM0UlMEElMDklM0NkaXYlMjBjbGFzcyUzRCUyMndwYl9yYXdfY29kZSUyMHdwYl9jb250ZW50X2VsZW1lbnQlMjB3cGJfcmF3X2h0bWwlMjBQR190aXRyZV9wcmluY2lwYWxlX0VQRyUyMiUzRSUwQSUwOSUwOSUzQ2RpdiUyMGNsYXNzJTNEJTIyd3BiX3dyYXBwZXIlMjIlM0UlMEElMDklMDklMDklM0NoMSUyMGlkJTNEJTIycGV0aXQtZ3JvdXBlLXBhZ2UlMjIlMjBjbGFzcyUzRCUyMlBHX3RpdHJlX3ByaW5jaXBhbGVfRVBHJTIyJTNFVm95YWdlcyUyMGVuJTIwcGV0aXQlMjBncm91cGUlM0MlMkZoMSUzRSUwQSUwOSUwOSUzQyUyRmRpdiUzRSUwQSUwOSUzQyUyRmRpdiUzRSUwQSUzQyUyRmRpdiUzRSUzQyUyRmRpdiUzRSUzQyUyRmRpdiUzRSUzQ2RpdiUyMGNsYXNzJTNEJTIydmNfcGFyYWxsYXgtaW5uZXIlMjBza3JvbGxhYmxlJTIwc2tyb2xsYWJsZS1iZXR3ZWVuJTIyJTIwZGF0YS1ib3R0b20tdG9wJTNEJTIydG9wJTNBJTIwLTUwJTI1JTNCJTIyJTIwZGF0YS10b3AtYm90dG9tJTNEJTIydG9wJTNBJTIwMCUyNSUzQiUyMiUyMHN0eWxlJTNEJTIyaGVpZ2h0JTNBJTIwMTUwJTI1JTNCJTIwYmFja2dyb3VuZC1pbWFnZSUzQSUyMHVybCUyOCUyNnF1b3QlM0JodHRwcyUzQSUyRiUyRnd3dy5hdXRpZ3JldmFuaWxsZS5jaCUyRndwLWNvbnRlbnQlMkZ1cGxvYWRzJTJGMjAxOCUyRjEwJTJGZW4tcGV0aXQtZ3JvdXBlLmpwZyUyNnF1b3QlM0IlMjklM0IlMjB0b3AlM0ElMjAtMjIuMjY5MiUyNSUzQiUyMiUzRSUzQyUyRmRpdiUzRSUzQyUyRmRpdiUzRSUyMA==[\/vc_raw_html][\/vc_column][\/vc_row][vc_row][vc_column][vc_raw_html]JTVCd3B2LXZpZXclMjBuYW1lJTNEJTIydmlldy1lbi1wZXRpdC1ncm91cGUlMjIlNUQ=[\/vc_raw_html][\/vc_column][\/vc_row][vc_row][vc_column][vc_empty_space][\/vc_column][\/vc_row][vc_row][vc_column][vc_raw_html]JTVCd3B2LXBvc3QtYm9keSUyMHZpZXdfdGVtcGxhdGUlM0QlMjJmb290ZXItcmVwbGFjZW1lbnQtcmV1c2FibGVibG9ja3MlMjIlNUQ=[\/vc_raw_html][\/vc_column][\/vc_row]<\/p>\n","protected":false},"author":15,"featured_media":0,"parent":0,"menu_order":0,"comment_status":"closed","ping_status":"closed","template":"","meta":[],"acf":[],"yoast_head":"<!-- This site is optimized with the Yoast SEO plugin v21.5 - https:\/\/yoast.com\/wordpress\/plugins\/seo\/ -->\n<title>Participez \u00e0 un voyage en petit groupe | Au Tigre Vanill\u00e9<\/title>\n<meta name=\"description\" content=\"Asie, Oc\u00e9anie, Afrique, Am\u00e9rique latine ou Moyen-Orient, participez \u00e0 un voyage d&#039;exception en petit groupe francophone !\" \/>\n<meta name=\"robots\" content=\"index, follow, max-snippet:-1, max-image-preview:large, max-video-preview:-1\" \/>\n<link rel=\"canonical\" href=\"https:\/\/www.autigrevanille.ch\/fr\/voyages-en-petit-groupe\/\" \/>\n<meta property=\"og:locale\" content=\"fr_FR\" \/>\n<meta property=\"og:type\" content=\"article\" \/>\n<meta property=\"og:title\" content=\"Participez \u00e0 un voyage en petit groupe | Au Tigre Vanill\u00e9\" \/>\n<meta property=\"og:description\" content=\"Asie, Oc\u00e9anie, Afrique, Am\u00e9rique latine ou Moyen-Orient, participez \u00e0 un voyage d&#039;exception en petit groupe francophone !\" \/>\n<meta property=\"og:url\" content=\"https:\/\/www.autigrevanille.ch\/fr\/voyages-en-petit-groupe\/\" \/>\n<meta property=\"og:site_name\" content=\"Au Tigre Vanill\u00e9, agence de voyages sur mesure\" \/>\n<meta property=\"article:publisher\" content=\"https:\/\/www.facebook.com\/autigrevanille\" \/>\n<meta property=\"article:modified_time\" content=\"2023-08-03T13:48:48+00:00\" \/>\n<meta name=\"twitter:card\" content=\"summary_large_image\" \/>\n<script type=\"application\/ld+json\" class=\"yoast-schema-graph\">{\"@context\":\"https:\/\/schema.org\",\"@graph\":[{\"@type\":\"WebPage\",\"@id\":\"https:\/\/www.autigrevanille.ch\/fr\/voyages-en-petit-groupe\/\",\"url\":\"https:\/\/www.autigrevanille.ch\/fr\/voyages-en-petit-groupe\/\",\"name\":\"Participez \u00e0 un voyage en petit groupe | Au Tigre Vanill\u00e9\",\"isPartOf\":{\"@id\":\"https:\/\/www.autigrevanille.ch\/fr\/#website\"},\"datePublished\":\"2022-03-10T14:18:33+00:00\",\"dateModified\":\"2023-08-03T13:48:48+00:00\",\"description\":\"Asie, Oc\u00e9anie, Afrique, Am\u00e9rique latine ou Moyen-Orient, participez \u00e0 un voyage d'exception en petit groupe francophone !\",\"breadcrumb\":{\"@id\":\"https:\/\/www.autigrevanille.ch\/fr\/voyages-en-petit-groupe\/#breadcrumb\"},\"inLanguage\":\"fr-FR\",\"potentialAction\":[{\"@type\":\"ReadAction\",\"target\":[\"https:\/\/www.autigrevanille.ch\/fr\/voyages-en-petit-groupe\/\"]}]},{\"@type\":\"BreadcrumbList\",\"@id\":\"https:\/\/www.autigrevanille.ch\/fr\/voyages-en-petit-groupe\/#breadcrumb\",\"itemListElement\":[{\"@type\":\"ListItem\",\"position\":1,\"name\":\"Accueil\",\"item\":\"https:\/\/www.autigrevanille.ch\/fr\/\"},{\"@type\":\"ListItem\",\"position\":2,\"name\":\"Voyages en petits groupes\"}]},{\"@type\":\"WebSite\",\"@id\":\"https:\/\/www.autigrevanille.ch\/fr\/#website\",\"url\":\"https:\/\/www.autigrevanille.ch\/fr\/\",\"name\":\"Au Tigre Vanill\u00e9, agence de voyages sur mesure\",\"description\":\"Agence de voyages d&#039;exception et sur mesure\",\"publisher\":{\"@id\":\"https:\/\/www.autigrevanille.ch\/fr\/#organization\"},\"potentialAction\":[{\"@type\":\"SearchAction\",\"target\":{\"@type\":\"EntryPoint\",\"urlTemplate\":\"https:\/\/www.autigrevanille.ch\/fr\/?s={search_term_string}\"},\"query-input\":\"required name=search_term_string\"}],\"inLanguage\":\"fr-FR\"},{\"@type\":\"Organization\",\"@id\":\"https:\/\/www.autigrevanille.ch\/fr\/#organization\",\"name\":\"Au Tigre Vanill\u00e9\",\"url\":\"https:\/\/www.autigrevanille.ch\/fr\/\",\"logo\":{\"@type\":\"ImageObject\",\"inLanguage\":\"fr-FR\",\"@id\":\"https:\/\/www.autigrevanille.ch\/fr\/#\/schema\/logo\/image\/\",\"url\":\"https:\/\/www.autigrevanille.ch\/wp-content\/uploads\/2018\/08\/Logo_ATV_300x276.png\",\"contentUrl\":\"https:\/\/www.autigrevanille.ch\/wp-content\/uploads\/2018\/08\/Logo_ATV_300x276.png\",\"width\":300,\"height\":276,\"caption\":\"Au Tigre Vanill\u00e9\"},\"image\":{\"@id\":\"https:\/\/www.autigrevanille.ch\/fr\/#\/schema\/logo\/image\/\"},\"sameAs\":[\"https:\/\/www.facebook.com\/autigrevanille\",\"https:\/\/www.instagram.com\/autigrevanille\",\"https:\/\/www.linkedin.com\/company\/autigrevanille\/\"]}]}<\/script>\n<!-- \/ Yoast SEO plugin. -->","yoast_head_json":{"title":"Participez \u00e0 un voyage en petit groupe | Au Tigre Vanill\u00e9","description":"Asie, Oc\u00e9anie, Afrique, Am\u00e9rique latine ou Moyen-Orient, participez \u00e0 un voyage d'exception en petit groupe francophone !","robots":{"index":"index","follow":"follow","max-snippet":"max-snippet:-1","max-image-preview":"max-image-preview:large","max-video-preview":"max-video-preview:-1"},"canonical":"https:\/\/www.autigrevanille.ch\/fr\/voyages-en-petit-groupe\/","og_locale":"fr_FR","og_type":"article","og_title":"Participez \u00e0 un voyage en petit groupe | Au Tigre Vanill\u00e9","og_description":"Asie, Oc\u00e9anie, Afrique, Am\u00e9rique latine ou Moyen-Orient, participez \u00e0 un voyage d'exception en petit groupe francophone !","og_url":"https:\/\/www.autigrevanille.ch\/fr\/voyages-en-petit-groupe\/","og_site_name":"Au Tigre Vanill\u00e9, agence de voyages sur mesure","article_publisher":"https:\/\/www.facebook.com\/autigrevanille","article_modified_time":"2023-08-03T13:48:48+00:00","twitter_card":"summary_large_image","schema":{"@context":"https:\/\/schema.org","@graph":[{"@type":"WebPage","@id":"https:\/\/www.autigrevanille.ch\/fr\/voyages-en-petit-groupe\/","url":"https:\/\/www.autigrevanille.ch\/fr\/voyages-en-petit-groupe\/","name":"Participez \u00e0 un voyage en petit groupe | Au Tigre Vanill\u00e9","isPartOf":{"@id":"https:\/\/www.autigrevanille.ch\/fr\/#website"},"datePublished":"2022-03-10T14:18:33+00:00","dateModified":"2023-08-03T13:48:48+00:00","description":"Asie, Oc\u00e9anie, Afrique, Am\u00e9rique latine ou Moyen-Orient, participez \u00e0 un voyage d'exception en petit groupe francophone !","breadcrumb":{"@id":"https:\/\/www.autigrevanille.ch\/fr\/voyages-en-petit-groupe\/#breadcrumb"},"inLanguage":"fr-FR","potentialAction":[{"@type":"ReadAction","target":["https:\/\/www.autigrevanille.ch\/fr\/voyages-en-petit-groupe\/"]}]},{"@type":"BreadcrumbList","@id":"https:\/\/www.autigrevanille.ch\/fr\/voyages-en-petit-groupe\/#breadcrumb","itemListElement":[{"@type":"ListItem","position":1,"name":"Accueil","item":"https:\/\/www.autigrevanille.ch\/fr\/"},{"@type":"ListItem","position":2,"name":"Voyages en petits groupes"}]},{"@type":"WebSite","@id":"https:\/\/www.autigrevanille.ch\/fr\/#website","url":"https:\/\/www.autigrevanille.ch\/fr\/","name":"Au Tigre Vanill\u00e9, agence de voyages sur mesure","description":"Agence de voyages d&#039;exception et sur mesure","publisher":{"@id":"https:\/\/www.autigrevanille.ch\/fr\/#organization"},"potentialAction":[{"@type":"SearchAction","target":{"@type":"EntryPoint","urlTemplate":"https:\/\/www.autigrevanille.ch\/fr\/?s={search_term_string}"},"query-input":"required name=search_term_string"}],"inLanguage":"fr-FR"},{"@type":"Organization","@id":"https:\/\/www.autigrevanille.ch\/fr\/#organization","name":"Au Tigre Vanill\u00e9","url":"https:\/\/www.autigrevanille.ch\/fr\/","logo":{"@type":"ImageObject","inLanguage":"fr-FR","@id":"https:\/\/www.autigrevanille.ch\/fr\/#\/schema\/logo\/image\/","url":"https:\/\/www.autigrevanille.ch\/wp-content\/uploads\/2018\/08\/Logo_ATV_300x276.png","contentUrl":"https:\/\/www.autigrevanille.ch\/wp-content\/uploads\/2018\/08\/Logo_ATV_300x276.png","width":300,"height":276,"caption":"Au Tigre Vanill\u00e9"},"image":{"@id":"https:\/\/www.autigrevanille.ch\/fr\/#\/schema\/logo\/image\/"},"sameAs":["https:\/\/www.facebook.com\/autigrevanille","https:\/\/www.instagram.com\/autigrevanille","https:\/\/www.linkedin.com\/company\/autigrevanille\/"]}]}},"_links":{"self":[{"href":"https:\/\/www.autigrevanille.ch\/fr\/wp-json\/wp\/v2\/pages\/54557"}],"collection":[{"href":"https:\/\/www.autigrevanille.ch\/fr\/wp-json\/wp\/v2\/pages"}],"about":[{"href":"https:\/\/www.autigrevanille.ch\/fr\/wp-json\/wp\/v2\/types\/page"}],"author":[{"embeddable":true,"href":"https:\/\/www.autigrevanille.ch\/fr\/wp-json\/wp\/v2\/users\/15"}],"replies":[{"embeddable":true,"href":"https:\/\/www.autigrevanille.ch\/fr\/wp-json\/wp\/v2\/comments?post=54557"}],"version-history":[{"count":6,"href":"https:\/\/www.autigrevanille.ch\/fr\/wp-json\/wp\/v2\/pages\/54557\/revisions"}],"predecessor-version":[{"id":56977,"href":"https:\/\/www.autigrevanille.ch\/fr\/wp-json\/wp\/v2\/pages\/54557\/revisions\/56977"}],"wp:attachment":[{"href":"https:\/\/www.autigrevanille.ch\/fr\/wp-json\/wp\/v2\/media?parent=54557"}],"curies":[{"name":"wp","href":"https:\/\/api.w.org\/{rel}","templated":true}]}}