 {"id":58663,"date":"2023-06-15T13:34:58","date_gmt":"2023-06-15T11:34:58","guid":{"rendered":"https:\/\/www.autigrevanille.ch\/fr\/?page_id=58663"},"modified":"2026-02-18T10:40:52","modified_gmt":"2026-02-18T09:40:52","slug":"rejoignez-nous","status":"publish","type":"page","link":"https:\/\/www.autigrevanille.ch\/fr\/rejoignez-nous\/","title":{"rendered":"Rejoignez-nous"},"content":{"rendered":"<div class=\"wpb-content-wrapper\"><p>[vc_row equal_height=\"yes\" content_placement=\"middle\" css_animation=\"none\" css=\".vc_custom_1661428738157{margin-top: 0px !important;margin-right: 0px !important;margin-bottom: 0px !important;margin-left: 0px !important;border-bottom-width: 0px !important;padding-top: 0px !important;padding-right: 0px !important;padding-left: 0px !important;}\"][vc_column css=\".vc_custom_1631009041128{padding-right: 0px !important;padding-left: 0px !important;}\"][vc_column_text]<div id=\"apropos-page\" class=\"header-banniere-apropos\" style=\"background-image: url('https:\/\/www.autigrevanille.ch\/wp-content\/uploads\/2023\/06\/Header-emploi.jpg')\" >\n  \t<div>\n      <h1 class=\"apropos-titre-page\">Rejoignez-nous<\/h1>\n  \t<\/div>\n<\/div>\n\n<div class=\"\">\n    <ul class=\"menu-apropos\">\n  <li><a href=\"https:\/\/www.autigrevanille.ch\/fr\/a-propos\/agence-de-creation-de-voyages\/\">Notre approche<\/a><\/li>\n  <li><a href=\"https:\/\/www.autigrevanille.ch\/fr\/a-propos\/des-services-personnalises\/\">Nos services<\/a><\/li>\n  <li><a href=\"https:\/\/www.autigrevanille.ch\/fr\/a-propos\/notre-equipe\/\">Notre \u00e9quipe<\/a><\/li>\n  <li><a href=\"https:\/\/www.autigrevanille.ch\/fr\/a-propos\/agence-de-voyages\/\">Nos agences<\/a><\/li> \n<li><a class=\"link-concours-photo\" href=\"https:\/\/www.autigrevanille.ch\/fr\/a-propos\/concours-photographe-voyageur\/\">Concours Photo<\/a><\/li>\n    <\/ul>\n<\/div>\n[\/vc_column_text][\/vc_column][\/vc_row][vc_row css=\".vc_custom_1689762404198{padding-top: 70px !important;padding-bottom: 70px !important;background-color: #f5f1e7 !important;}\" el_id=\"rejoindreTigre\"][vc_column][vc_row_inner el_class=\"intro-apropos\"][vc_column_inner][\/vc_column_inner][\/vc_row_inner][vc_row_inner el_class=\"intro-apropos\"][vc_column_inner width=\"2\/3\"][vc_raw_html]JTNDaDIlMjBjbGFzcyUzRCUyMmNlbnRlcmVkJTIyJTNFTCUyN2F2ZW50dXJlJTIwY29tbWVuY2UlMjBpY2klMjAlMjElM0MlMkZoMiUzRQ==[\/vc_raw_html][vc_column_text el_class=\"header-covid\"]Nous sommes une agence renomm\u00e9e sp\u00e9cialis\u00e9e dans l'organisation de voyages sur mesure pour une client\u00e8le exigeante. Nous sommes r\u00e9guli\u00e8rement \u00e0 la recherche de sp\u00e9cialistes pour compl\u00e9ter notre \u00e9quipe de cr\u00e9ateurs de voyage.<\/p>\n<p>En tant qu'agence pionni\u00e8re dans la cr\u00e9ation de circuits sur mesure personnalis\u00e9s, Au Tigre Vanill\u00e9 offre une plateforme d'expression pour tous les passionn\u00e9s d'horizons lointains. Nous proposons \u00e0 nos voyageurs un grand nombre de destinations en Asie, Afrique, Am\u00e9rique latine, au Moyen-Orient et dans les r\u00e9gions polaires.<\/p>\n<p>Chez Au Tigre Vanill\u00e9, nous valorisons l'exp\u00e9rience terrain. Nous encourageons notre \u00e9quipe \u00e0 se renouveler constamment en d\u00e9couvrant de nouvelles destinations ou approfondissant les connaissances d'un pays ... pour rester \u00e0 l'avant-garde de l'industrie du voyage. Vous aurez ainsi l'opportunit\u00e9 de d\u00e9velopper votre expertise sur le terrain mais aussi en vous nourrissant au quotidien des derni\u00e8res tendances et actualit\u00e9s de vos destinations.<\/p>\n<p>Si vous \u00eates passionn\u00e9 par le voyage, avez une connaissance approfondie d'une ou plusieurs destinations et souhaitez rejoindre une \u00e9quipe dynamique et engag\u00e9e, Au Tigre Vanill\u00e9 est l'endroit id\u00e9al pour donner vie \u00e0 votre carri\u00e8re.<\/p>\n<p>&nbsp;<\/p>\n<p style=\"text-align: center;\"><strong>Rejoignez-nous et ensemble,<\/strong><br \/>\n<strong>cr\u00e9ons des voyages qui resteront grav\u00e9s dans les m\u00e9moires de nos clients.<\/strong><\/p>\n<p>[\/vc_column_text][\/vc_column_inner][vc_column_inner width=\"1\/3\"][vc_single_image image=\"59035\" img_size=\"\"][\/vc_column_inner][\/vc_row_inner][\/vc_column][\/vc_row][vc_row css=\".vc_custom_1631022846580{padding-top: 70px !important;padding-bottom: 70px !important;background-color: #ffffff !important;}\"][vc_column][vc_raw_html]JTNDaDIlMjBjbGFzcyUzRCUyMmNlbnRlcmVkJTIyJTNFTm9zJTIwb2ZmcmVzJTIwZCUyN2VtcGxvaSUzQyUyRmgyJTNF[\/vc_raw_html][vc_basic_grid post_type=\"emplois\" max_items=\"1\" element_width=\"12\" gap=\"4\" item=\"58669\" css=\"\" grid_id=\"vc_gid:1771406376847-b688faa5-75ed-1\"][\/vc_column][\/vc_row][vc_row][vc_column][vc_raw_html css=\".vc_custom_1645028095711{margin-top: 0px !important;margin-right: 0px !important;margin-bottom: 0px !important;margin-left: 0px !important;padding-top: 0px !important;padding-right: 0px !important;padding-bottom: 0px !important;padding-left: 0px !important;}\"]JTVCd3B2LXBvc3QtYm9keSUyMHZpZXdfdGVtcGxhdGUlM0QlMjJmb290ZXItcmVwbGFjZW1lbnQtcmV1c2FibGVibG9ja3MlMjIlNUQ=[\/vc_raw_html][\/vc_column][\/vc_row]<\/p>\n<\/div>","protected":false},"excerpt":{"rendered":"<p>[vc_row equal_height=\u00a0\u00bbyes\u00a0\u00bb content_placement=\u00a0\u00bbmiddle\u00a0\u00bb css_animation=\u00a0\u00bbnone\u00a0\u00bb css=\u00a0\u00bb.vc_custom_1661428738157{margin-top: 0px !important;margin-right: 0px !important;margin-bottom: 0px !important;margin-left: 0px !important;border-bottom-width: 0px !important;padding-top: 0px !important;padding-right: 0px !important;padding-left: 0px !important;}\u00a0\u00bb][vc_column css=\u00a0\u00bb.vc_custom_1631009041128{padding-right: 0px !important;padding-left: 0px !important;}\u00a0\u00bb][vc_column_text][\/vc_column_text][\/vc_column][\/vc_row][vc_row css=\u00a0\u00bb.vc_custom_1689762404198{padding-top: 70px !important;padding-bottom: 70px !important;background-color: #f5f1e7 !important;}\u00a0\u00bb el_id=\u00a0\u00bbrejoindreTigre\u00a0\u00bb][vc_column][vc_row_inner el_class=\u00a0\u00bbintro-apropos\u00a0\u00bb][vc_column_inner][\/vc_column_inner][\/vc_row_inner][vc_row_inner el_class=\u00a0\u00bbintro-apropos\u00a0\u00bb][vc_column_inner width=\u00a0\u00bb2\/3&Prime;][vc_raw_html]JTNDaDIlMjBjbGFzcyUzRCUyMmNlbnRlcmVkJTIyJTNFTCUyN2F2ZW50dXJlJTIwY29tbWVuY2UlMjBpY2klMjAlMjElM0MlMkZoMiUzRQ==[\/vc_raw_html][vc_column_text el_class=\u00a0\u00bbheader-covid\u00a0\u00bb]Nous sommes une agence renomm\u00e9e sp\u00e9cialis\u00e9e dans l&rsquo;organisation de voyages sur mesure pour une client\u00e8le exigeante. Nous sommes r\u00e9guli\u00e8rement \u00e0 la recherche de [&hellip;]<\/p>\n","protected":false},"author":15,"featured_media":58844,"parent":0,"menu_order":0,"comment_status":"closed","ping_status":"closed","template":"","meta":[],"acf":[],"yoast_head":"<!-- This site is optimized with the Yoast SEO plugin v21.5 - https:\/\/yoast.com\/wordpress\/plugins\/seo\/ -->\n<title>Agence de voyages - Au Tigre Vanill\u00e9, Gen\u00e8ve et Lausanne<\/title>\n<meta name=\"description\" content=\"\u00ab Au Tigre Vanill\u00e9 \u00bb est une agence de cr\u00e9ation de voyages sur mesure active depuis plus de 25 ans en Suisse romande, \u00e0 Gen\u00e8ve et \u00e0 Lausanne.\" \/>\n<meta name=\"robots\" content=\"index, follow, max-snippet:-1, max-image-preview:large, max-video-preview:-1\" \/>\n<link rel=\"canonical\" href=\"https:\/\/www.autigrevanille.ch\/fr\/rejoignez-nous\/\" \/>\n<meta property=\"og:locale\" content=\"fr_FR\" \/>\n<meta property=\"og:type\" content=\"article\" \/>\n<meta property=\"og:title\" content=\"Agence de voyages - Au Tigre Vanill\u00e9, Gen\u00e8ve et Lausanne\" \/>\n<meta property=\"og:description\" content=\"\u00ab Au Tigre Vanill\u00e9 \u00bb est une agence de cr\u00e9ation de voyages sur mesure active depuis plus de 25 ans en Suisse romande, \u00e0 Gen\u00e8ve et \u00e0 Lausanne.\" \/>\n<meta property=\"og:url\" content=\"https:\/\/www.autigrevanille.ch\/fr\/rejoignez-nous\/\" \/>\n<meta property=\"og:site_name\" content=\"Au Tigre Vanill\u00e9, agence de voyages sur mesure\" \/>\n<meta property=\"article:publisher\" content=\"https:\/\/www.facebook.com\/autigrevanille\" \/>\n<meta property=\"article:modified_time\" content=\"2026-02-18T09:40:52+00:00\" \/>\n<meta property=\"og:image\" content=\"https:\/\/www.autigrevanille.ch\/wp-content\/uploads\/2023\/06\/Header-emploi.jpg\" \/>\n\t<meta property=\"og:image:width\" content=\"1600\" \/>\n\t<meta property=\"og:image:height\" content=\"900\" \/>\n\t<meta property=\"og:image:type\" content=\"image\/jpeg\" \/>\n<meta name=\"twitter:card\" content=\"summary_large_image\" \/>\n<script type=\"application\/ld+json\" class=\"yoast-schema-graph\">{\"@context\":\"https:\/\/schema.org\",\"@graph\":[{\"@type\":\"WebPage\",\"@id\":\"https:\/\/www.autigrevanille.ch\/fr\/rejoignez-nous\/\",\"url\":\"https:\/\/www.autigrevanille.ch\/fr\/rejoignez-nous\/\",\"name\":\"Agence de voyages - Au Tigre Vanill\u00e9, Gen\u00e8ve et Lausanne\",\"isPartOf\":{\"@id\":\"https:\/\/www.autigrevanille.ch\/fr\/#website\"},\"datePublished\":\"2023-06-15T11:34:58+00:00\",\"dateModified\":\"2026-02-18T09:40:52+00:00\",\"description\":\"\u00ab Au Tigre Vanill\u00e9 \u00bb est une agence de cr\u00e9ation de voyages sur mesure active depuis plus de 25 ans en Suisse romande, \u00e0 Gen\u00e8ve et \u00e0 Lausanne.\",\"breadcrumb\":{\"@id\":\"https:\/\/www.autigrevanille.ch\/fr\/rejoignez-nous\/#breadcrumb\"},\"inLanguage\":\"fr-FR\",\"potentialAction\":[{\"@type\":\"ReadAction\",\"target\":[\"https:\/\/www.autigrevanille.ch\/fr\/rejoignez-nous\/\"]}]},{\"@type\":\"BreadcrumbList\",\"@id\":\"https:\/\/www.autigrevanille.ch\/fr\/rejoignez-nous\/#breadcrumb\",\"itemListElement\":[{\"@type\":\"ListItem\",\"position\":1,\"name\":\"Accueil\",\"item\":\"https:\/\/www.autigrevanille.ch\/fr\/\"},{\"@type\":\"ListItem\",\"position\":2,\"name\":\"Rejoignez-nous\"}]},{\"@type\":\"WebSite\",\"@id\":\"https:\/\/www.autigrevanille.ch\/fr\/#website\",\"url\":\"https:\/\/www.autigrevanille.ch\/fr\/\",\"name\":\"Au Tigre Vanill\u00e9, agence de voyages sur mesure\",\"description\":\"Agence de voyages d&#039;exception et sur mesure\",\"publisher\":{\"@id\":\"https:\/\/www.autigrevanille.ch\/fr\/#organization\"},\"potentialAction\":[{\"@type\":\"SearchAction\",\"target\":{\"@type\":\"EntryPoint\",\"urlTemplate\":\"https:\/\/www.autigrevanille.ch\/fr\/?s={search_term_string}\"},\"query-input\":\"required name=search_term_string\"}],\"inLanguage\":\"fr-FR\"},{\"@type\":\"Organization\",\"@id\":\"https:\/\/www.autigrevanille.ch\/fr\/#organization\",\"name\":\"Au Tigre Vanill\u00e9\",\"url\":\"https:\/\/www.autigrevanille.ch\/fr\/\",\"logo\":{\"@type\":\"ImageObject\",\"inLanguage\":\"fr-FR\",\"@id\":\"https:\/\/www.autigrevanille.ch\/fr\/#\/schema\/logo\/image\/\",\"url\":\"https:\/\/www.autigrevanille.ch\/wp-content\/uploads\/2018\/08\/Logo_ATV_300x276.png\",\"contentUrl\":\"https:\/\/www.autigrevanille.ch\/wp-content\/uploads\/2018\/08\/Logo_ATV_300x276.png\",\"width\":300,\"height\":276,\"caption\":\"Au Tigre Vanill\u00e9\"},\"image\":{\"@id\":\"https:\/\/www.autigrevanille.ch\/fr\/#\/schema\/logo\/image\/\"},\"sameAs\":[\"https:\/\/www.facebook.com\/autigrevanille\",\"https:\/\/www.instagram.com\/autigrevanille\",\"https:\/\/www.linkedin.com\/company\/autigrevanille\/\"]}]}<\/script>\n<!-- \/ Yoast SEO plugin. -->","yoast_head_json":{"title":"Agence de voyages - Au Tigre Vanill\u00e9, Gen\u00e8ve et Lausanne","description":"\u00ab Au Tigre Vanill\u00e9 \u00bb est une agence de cr\u00e9ation de voyages sur mesure active depuis plus de 25 ans en Suisse romande, \u00e0 Gen\u00e8ve et \u00e0 Lausanne.","robots":{"index":"index","follow":"follow","max-snippet":"max-snippet:-1","max-image-preview":"max-image-preview:large","max-video-preview":"max-video-preview:-1"},"canonical":"https:\/\/www.autigrevanille.ch\/fr\/rejoignez-nous\/","og_locale":"fr_FR","og_type":"article","og_title":"Agence de voyages - Au Tigre Vanill\u00e9, Gen\u00e8ve et Lausanne","og_description":"\u00ab Au Tigre Vanill\u00e9 \u00bb est une agence de cr\u00e9ation de voyages sur mesure active depuis plus de 25 ans en Suisse romande, \u00e0 Gen\u00e8ve et \u00e0 Lausanne.","og_url":"https:\/\/www.autigrevanille.ch\/fr\/rejoignez-nous\/","og_site_name":"Au Tigre Vanill\u00e9, agence de voyages sur mesure","article_publisher":"https:\/\/www.facebook.com\/autigrevanille","article_modified_time":"2026-02-18T09:40:52+00:00","og_image":[{"width":1600,"height":900,"url":"https:\/\/www.autigrevanille.ch\/wp-content\/uploads\/2023\/06\/Header-emploi.jpg","type":"image\/jpeg"}],"twitter_card":"summary_large_image","schema":{"@context":"https:\/\/schema.org","@graph":[{"@type":"WebPage","@id":"https:\/\/www.autigrevanille.ch\/fr\/rejoignez-nous\/","url":"https:\/\/www.autigrevanille.ch\/fr\/rejoignez-nous\/","name":"Agence de voyages - Au Tigre Vanill\u00e9, Gen\u00e8ve et Lausanne","isPartOf":{"@id":"https:\/\/www.autigrevanille.ch\/fr\/#website"},"datePublished":"2023-06-15T11:34:58+00:00","dateModified":"2026-02-18T09:40:52+00:00","description":"\u00ab Au Tigre Vanill\u00e9 \u00bb est une agence de cr\u00e9ation de voyages sur mesure active depuis plus de 25 ans en Suisse romande, \u00e0 Gen\u00e8ve et \u00e0 Lausanne.","breadcrumb":{"@id":"https:\/\/www.autigrevanille.ch\/fr\/rejoignez-nous\/#breadcrumb"},"inLanguage":"fr-FR","potentialAction":[{"@type":"ReadAction","target":["https:\/\/www.autigrevanille.ch\/fr\/rejoignez-nous\/"]}]},{"@type":"BreadcrumbList","@id":"https:\/\/www.autigrevanille.ch\/fr\/rejoignez-nous\/#breadcrumb","itemListElement":[{"@type":"ListItem","position":1,"name":"Accueil","item":"https:\/\/www.autigrevanille.ch\/fr\/"},{"@type":"ListItem","position":2,"name":"Rejoignez-nous"}]},{"@type":"WebSite","@id":"https:\/\/www.autigrevanille.ch\/fr\/#website","url":"https:\/\/www.autigrevanille.ch\/fr\/","name":"Au Tigre Vanill\u00e9, agence de voyages sur mesure","description":"Agence de voyages d&#039;exception et sur mesure","publisher":{"@id":"https:\/\/www.autigrevanille.ch\/fr\/#organization"},"potentialAction":[{"@type":"SearchAction","target":{"@type":"EntryPoint","urlTemplate":"https:\/\/www.autigrevanille.ch\/fr\/?s={search_term_string}"},"query-input":"required name=search_term_string"}],"inLanguage":"fr-FR"},{"@type":"Organization","@id":"https:\/\/www.autigrevanille.ch\/fr\/#organization","name":"Au Tigre Vanill\u00e9","url":"https:\/\/www.autigrevanille.ch\/fr\/","logo":{"@type":"ImageObject","inLanguage":"fr-FR","@id":"https:\/\/www.autigrevanille.ch\/fr\/#\/schema\/logo\/image\/","url":"https:\/\/www.autigrevanille.ch\/wp-content\/uploads\/2018\/08\/Logo_ATV_300x276.png","contentUrl":"https:\/\/www.autigrevanille.ch\/wp-content\/uploads\/2018\/08\/Logo_ATV_300x276.png","width":300,"height":276,"caption":"Au Tigre Vanill\u00e9"},"image":{"@id":"https:\/\/www.autigrevanille.ch\/fr\/#\/schema\/logo\/image\/"},"sameAs":["https:\/\/www.facebook.com\/autigrevanille","https:\/\/www.instagram.com\/autigrevanille","https:\/\/www.linkedin.com\/company\/autigrevanille\/"]}]}},"_links":{"self":[{"href":"https:\/\/www.autigrevanille.ch\/fr\/wp-json\/wp\/v2\/pages\/58663"}],"collection":[{"href":"https:\/\/www.autigrevanille.ch\/fr\/wp-json\/wp\/v2\/pages"}],"about":[{"href":"https:\/\/www.autigrevanille.ch\/fr\/wp-json\/wp\/v2\/types\/page"}],"author":[{"embeddable":true,"href":"https:\/\/www.autigrevanille.ch\/fr\/wp-json\/wp\/v2\/users\/15"}],"replies":[{"embeddable":true,"href":"https:\/\/www.autigrevanille.ch\/fr\/wp-json\/wp\/v2\/comments?post=58663"}],"version-history":[{"count":39,"href":"https:\/\/www.autigrevanille.ch\/fr\/wp-json\/wp\/v2\/pages\/58663\/revisions"}],"predecessor-version":[{"id":64520,"href":"https:\/\/www.autigrevanille.ch\/fr\/wp-json\/wp\/v2\/pages\/58663\/revisions\/64520"}],"wp:featuredmedia":[{"embeddable":true,"href":"https:\/\/www.autigrevanille.ch\/fr\/wp-json\/wp\/v2\/media\/58844"}],"wp:attachment":[{"href":"https:\/\/www.autigrevanille.ch\/fr\/wp-json\/wp\/v2\/media?parent=58663"}],"curies":[{"name":"wp","href":"https:\/\/api.w.org\/{rel}","templated":true}]}}